{"id":1545,"date":"2023-06-24T11:18:17","date_gmt":"2023-06-24T09:18:17","guid":{"rendered":"https:\/\/www.liptovchatky.sk\/surroudings\/"},"modified":"2023-07-10T15:11:01","modified_gmt":"2023-07-10T13:11:01","slug":"surroudings","status":"publish","type":"page","link":"https:\/\/www.liptovchatky.sk\/en\/surroudings\/","title":{"rendered":"Surroudings"},"content":{"rendered":"\t\t<div data-elementor-type=\"wp-page\" data-elementor-id=\"1545\" class=\"elementor elementor-1545 elementor-116\" data-elementor-post-type=\"page\">\n\t\t\t\t\t\t<section class=\"elementor-section elementor-top-section elementor-element elementor-element-77444e34 elementor-section-height-min-height elementor-section-boxed elementor-section-height-default elementor-section-items-middle\" data-id=\"77444e34\" data-element_type=\"section\" data-e-type=\"section\" data-settings=\"{&quot;background_background&quot;:&quot;classic&quot;}\">\n\t\t\t\t\t\t\t<div class=\"elementor-background-overlay\"><\/div>\n\t\t\t\t\t\t\t<div class=\"elementor-container elementor-column-gap-default\">\n\t\t\t\t\t<div class=\"elementor-column elementor-col-100 elementor-top-column elementor-element elementor-element-485fe2ca\" data-id=\"485fe2ca\" data-element_type=\"column\" data-e-type=\"column\">\n\t\t\t<div class=\"elementor-widget-wrap elementor-element-populated\">\n\t\t\t\t\t\t<div class=\"elementor-element elementor-element-5e455c1 elementor-widget elementor-widget-elementskit-heading\" data-id=\"5e455c1\" data-element_type=\"widget\" data-e-type=\"widget\" data-widget_type=\"elementskit-heading.default\">\n\t\t\t\t<div class=\"elementor-widget-container\">\n\t\t\t\t\t<div class=\"ekit-wid-con\" ><div class=\"ekit-heading elementskit-section-title-wraper text_center   ekit_heading_tablet-text_center   ekit_heading_mobile-\"><h2 class=\"ekit-heading--title elementskit-section-title \">Surroudings<\/h2><\/div><\/div>\t\t\t\t<\/div>\n\t\t\t\t<\/div>\n\t\t\t\t\t<\/div>\n\t\t<\/div>\n\t\t\t\t\t<\/div>\n\t\t<\/section>\n\t\t\t\t<section class=\"elementor-section elementor-top-section elementor-element elementor-element-53b75001 elementor-section-boxed elementor-section-height-default elementor-section-height-default\" data-id=\"53b75001\" data-element_type=\"section\" data-e-type=\"section\" data-settings=\"{&quot;background_background&quot;:&quot;classic&quot;}\">\n\t\t\t\t\t\t<div class=\"elementor-container elementor-column-gap-default\">\n\t\t\t\t\t<div class=\"elementor-column elementor-col-100 elementor-top-column elementor-element elementor-element-35e823da\" data-id=\"35e823da\" data-element_type=\"column\" data-e-type=\"column\">\n\t\t\t<div class=\"elementor-widget-wrap elementor-element-populated\">\n\t\t\t\t\t\t<div class=\"elementor-element elementor-element-1c8d9bca elementor-widget elementor-widget-heading\" data-id=\"1c8d9bca\" data-element_type=\"widget\" data-e-type=\"widget\" data-widget_type=\"heading.default\">\n\t\t\t\t<div class=\"elementor-widget-container\">\n\t\t\t\t\t<h3 class=\"elementor-heading-title elementor-size-default\">Around the cottages<\/h3>\t\t\t\t<\/div>\n\t\t\t\t<\/div>\n\t\t\t\t<div class=\"elementor-element elementor-element-6acc2d04 elementor-widget elementor-widget-text-editor\" data-id=\"6acc2d04\" data-element_type=\"widget\" data-e-type=\"widget\" data-widget_type=\"text-editor.default\">\n\t\t\t\t<div class=\"elementor-widget-container\">\n\t\t\t\t\t\t\t\t\t<p>Nature, Sights, Sport, Aquaparks..<\/p>\t\t\t\t\t\t\t\t<\/div>\n\t\t\t\t<\/div>\n\t\t\t\t<section class=\"elementor-section elementor-inner-section elementor-element elementor-element-6c5174e8 elementor-section-boxed elementor-section-height-default elementor-section-height-default\" data-id=\"6c5174e8\" data-element_type=\"section\" data-e-type=\"section\" data-settings=\"{&quot;background_background&quot;:&quot;classic&quot;}\">\n\t\t\t\t\t\t<div class=\"elementor-container elementor-column-gap-default\">\n\t\t\t\t\t<div class=\"elementor-column elementor-col-50 elementor-inner-column elementor-element elementor-element-84e5329\" data-id=\"84e5329\" data-element_type=\"column\" data-e-type=\"column\">\n\t\t\t<div class=\"elementor-widget-wrap elementor-element-populated\">\n\t\t\t\t\t\t<div class=\"elementor-element elementor-element-68cfda73 elementor-widget elementor-widget-image\" data-id=\"68cfda73\" data-element_type=\"widget\" data-e-type=\"widget\" data-widget_type=\"image.default\">\n\t\t\t\t<div class=\"elementor-widget-container\">\n\t\t\t\t\t\t\t\t\t\t\t\t\t\t\t<img fetchpriority=\"high\" decoding=\"async\" width=\"564\" height=\"320\" src=\"https:\/\/www.liptovchatky.sk\/wp-content\/uploads\/2023\/07\/6081.jpeg\" class=\"attachment-full size-full wp-image-1411\" alt=\"\" srcset=\"https:\/\/www.liptovchatky.sk\/wp-content\/uploads\/2023\/07\/6081.jpeg 564w, https:\/\/www.liptovchatky.sk\/wp-content\/uploads\/2023\/07\/6081-300x170.jpeg 300w\" sizes=\"(max-width: 564px) 100vw, 564px\" \/>\t\t\t\t\t\t\t\t\t\t\t\t\t\t\t<\/div>\n\t\t\t\t<\/div>\n\t\t\t\t\t<\/div>\n\t\t<\/div>\n\t\t\t\t<div class=\"elementor-column elementor-col-50 elementor-inner-column elementor-element elementor-element-78469a6d\" data-id=\"78469a6d\" data-element_type=\"column\" data-e-type=\"column\">\n\t\t\t<div class=\"elementor-widget-wrap elementor-element-populated\">\n\t\t\t\t\t\t<div class=\"elementor-element elementor-element-5d251e09 elementor-widget elementor-widget-heading\" data-id=\"5d251e09\" data-element_type=\"widget\" data-e-type=\"widget\" data-widget_type=\"heading.default\">\n\t\t\t\t<div class=\"elementor-widget-container\">\n\t\t\t\t\t<h3 class=\"elementor-heading-title elementor-size-default\">Aquapark Tatralandia<\/h3>\t\t\t\t<\/div>\n\t\t\t\t<\/div>\n\t\t\t\t<div class=\"elementor-element elementor-element-54faac78 elementor-widget elementor-widget-text-editor\" data-id=\"54faac78\" data-element_type=\"widget\" data-e-type=\"widget\" data-widget_type=\"text-editor.default\">\n\t\t\t\t<div class=\"elementor-widget-container\">\n\t\t\t\t\t\t\t\t\t<div class=\"et_pb_column et_pb_column_1_2 et_pb_column_1  et_pb_css_mix_blend_mode_passthrough\"><div class=\"et_pb_module et_pb_text et_pb_text_1  et_pb_text_align_left et_pb_bg_layout_light\"><div class=\"et_pb_text_inner\"><div class=\"wpb_animate_when_almost_visible wpb_bounceInLeft bounceInLeft wpb_column vc_column_container vc_col-sm-6 vc_col-has-fill wpb_start_animation animated\"><div class=\"vc_column-inner vc_custom_1519464437581\"><div class=\"wpb_wrapper\"><p class=\"   nd_options_first_font \">The first year-round Aquapark Tatralandia in Slovakia is situated near the town of Liptovsk\u00fd Mikul\u00e1\u0161, at the northern shore of the Liptovsk\u00e1 Mara reservoir, within a stone\u00b4s throw from the hiking and skiing centre of the Liptov region \u2013 Jasn\u00e1 in Low Tatras. Tatralandia is the largest water paradise in Slovakia, the Czech Republic as well as Poland. Thanks to ist thermal water source, th aquapark can welcome its visitors all year round. The visitors can enjoy thermal pools as well as pools with pure heated water, tube and open slides, young children will love the big children\u00b4s playground, the new giant children\u00b4s pool Amazonia with a castle, the children\u00b4s corner directly in the building, those with more adventurous spirit can enjoy 18 tube slides and open slides, as well as the large sport area. Those longing for rest and regeneration in the first place can enjoy relax in the thermal pools with a selection of water massage types, or a regular massage, and the competition enthusiasts and those keen on organised entertainment can take part in Tatralandia\u00b4s animation programmes and music performances. Aquapark Tatralandia is here for everybody.<\/p><\/div><\/div><\/div><\/div><\/div><\/div><div class=\"et_pb_column et_pb_column_1_2 et_pb_column_2  et_pb_css_mix_blend_mode_passthrough et-last-child\">\u00a0<\/div>\t\t\t\t\t\t\t\t<\/div>\n\t\t\t\t<\/div>\n\t\t\t\t\t<\/div>\n\t\t<\/div>\n\t\t\t\t\t<\/div>\n\t\t<\/section>\n\t\t\t\t<section class=\"elementor-section elementor-inner-section elementor-element elementor-element-da2bb6f elementor-reverse-tablet elementor-reverse-mobile elementor-section-boxed elementor-section-height-default elementor-section-height-default\" data-id=\"da2bb6f\" data-element_type=\"section\" data-e-type=\"section\">\n\t\t\t\t\t\t<div class=\"elementor-container elementor-column-gap-default\">\n\t\t\t\t\t<div class=\"elementor-column elementor-col-50 elementor-inner-column elementor-element elementor-element-95a1704\" data-id=\"95a1704\" data-element_type=\"column\" data-e-type=\"column\">\n\t\t\t<div class=\"elementor-widget-wrap elementor-element-populated\">\n\t\t\t\t\t\t<div class=\"elementor-element elementor-element-7e55a46 elementor-widget elementor-widget-heading\" data-id=\"7e55a46\" data-element_type=\"widget\" data-e-type=\"widget\" data-widget_type=\"heading.default\">\n\t\t\t\t<div class=\"elementor-widget-container\">\n\t\t\t\t\t<h2 class=\"elementor-heading-title elementor-size-default\">Gino Park Be\u0161e\u0148ov\u00e1\n<\/h2>\t\t\t\t<\/div>\n\t\t\t\t<\/div>\n\t\t\t\t<div class=\"elementor-element elementor-element-5a30396 elementor-widget elementor-widget-text-editor\" data-id=\"5a30396\" data-element_type=\"widget\" data-e-type=\"widget\" data-widget_type=\"text-editor.default\">\n\t\t\t\t<div class=\"elementor-widget-container\">\n\t\t\t\t\t\t\t\t\t<div class=\"et_pb_section et_pb_section_2 et_section_regular\"><div class=\"et_pb_row et_pb_row_2\"><div class=\"et_pb_column et_pb_column_1_2 et_pb_column_4  et_pb_css_mix_blend_mode_passthrough et-last-child\"><div class=\"et_pb_module et_pb_text et_pb_text_2  et_pb_text_align_left et_pb_bg_layout_light\"><div class=\"et_pb_text_inner\"><div class=\"vc_row wpb_row vc_row-fluid vc_custom_1519027341949 vc_row-has-fill\" data-vc-full-width=\"true\" data-vc-full-width-init=\"true\"><div class=\"wpb_animate_when_almost_visible wpb_bounceInRight bounceInRight wpb_column vc_column_container vc_col-sm-6 wpb_start_animation animated\"><div class=\"vc_column-inner vc_custom_1519464432836\"><div class=\"wpb_wrapper\"><p class=\"   nd_options_first_font \">Thermal bath Besenova is situated 12 km eastern from Ruzomberok on right riverside of river \u201cVah\u201c. Here is 6 pools with year-around service. The thermal springs have a temperature up to 61\u00b0C. Water in the pool have about 36-40\u00b0C. It spring from 1987 m under the surface and have the salutary effects on motion and breathing bodies, uric problems and have a good cosmetic effects. Lithium in the water make a positive psychological influence. Very good is bath in the open pool in winter, when the temperature is below zero point. The centre provides relaxation massage, beach volley-ball, tobogan, comfortable sitting in restaurant, accommodation in apartments in the Hotel Termal. Now the thermal baths in Besenova are very popular and seek for a domestic and foreign visitors.<\/p><\/div><\/div><\/div><\/div><div class=\"vc_row-full-width vc_clearfix\">\u00a0<\/div><div class=\"vc_row wpb_row vc_row-fluid nd_options_vc_parallax_filter_2_2 vc_custom_1519032082133 vc_row-has-fill vc_row-o-content-top vc_row-flex vc_general vc_parallax vc_parallax-content-moving\" data-vc-full-width=\"true\" data-vc-full-width-init=\"true\" data-vc-parallax=\"1.5\" data-vc-parallax-image=\"http:\/\/chatyliptov.sk\/wp-content\/uploads\/2018\/02\/tatralandia_big2.jpg\"><div class=\"wpb_column vc_column_container vc_col-sm-6\">\u00a0<\/div><\/div><\/div><\/div><\/div><\/div><\/div><div class=\"et_pb_section et_pb_section_3 et_section_regular\"><div class=\"et_pb_row et_pb_row_3\"><div class=\"et_pb_column et_pb_column_1_2 et_pb_column_5  et_pb_css_mix_blend_mode_passthrough\"><div class=\"et_pb_module et_pb_text et_pb_text_3  et_pb_text_align_left et_pb_bg_layout_light\"><div class=\"et_pb_text_inner\">\u00a0<\/div><\/div><\/div><\/div><\/div>\t\t\t\t\t\t\t\t<\/div>\n\t\t\t\t<\/div>\n\t\t\t\t\t<\/div>\n\t\t<\/div>\n\t\t\t\t<div class=\"elementor-column elementor-col-50 elementor-inner-column elementor-element elementor-element-62429c8\" data-id=\"62429c8\" data-element_type=\"column\" data-e-type=\"column\">\n\t\t\t<div class=\"elementor-widget-wrap elementor-element-populated\">\n\t\t\t\t\t\t<div class=\"elementor-element elementor-element-51d4d2d elementor-widget elementor-widget-image\" data-id=\"51d4d2d\" data-element_type=\"widget\" data-e-type=\"widget\" data-widget_type=\"image.default\">\n\t\t\t\t<div class=\"elementor-widget-container\">\n\t\t\t\t\t\t\t\t\t\t\t\t\t\t\t<img decoding=\"async\" width=\"579\" height=\"342\" src=\"https:\/\/www.liptovchatky.sk\/wp-content\/uploads\/2023\/07\/beska.png\" class=\"attachment-full size-full wp-image-1409\" alt=\"\" srcset=\"https:\/\/www.liptovchatky.sk\/wp-content\/uploads\/2023\/07\/beska.png 579w, https:\/\/www.liptovchatky.sk\/wp-content\/uploads\/2023\/07\/beska-300x177.png 300w\" sizes=\"(max-width: 579px) 100vw, 579px\" \/>\t\t\t\t\t\t\t\t\t\t\t\t\t\t\t<\/div>\n\t\t\t\t<\/div>\n\t\t\t\t\t<\/div>\n\t\t<\/div>\n\t\t\t\t\t<\/div>\n\t\t<\/section>\n\t\t\t\t<section class=\"elementor-section elementor-inner-section elementor-element elementor-element-f408d9e elementor-section-boxed elementor-section-height-default elementor-section-height-default\" data-id=\"f408d9e\" data-element_type=\"section\" data-e-type=\"section\" data-settings=\"{&quot;background_background&quot;:&quot;classic&quot;}\">\n\t\t\t\t\t\t<div class=\"elementor-container elementor-column-gap-default\">\n\t\t\t\t\t<div class=\"elementor-column elementor-col-50 elementor-inner-column elementor-element elementor-element-acad884\" data-id=\"acad884\" data-element_type=\"column\" data-e-type=\"column\">\n\t\t\t<div class=\"elementor-widget-wrap elementor-element-populated\">\n\t\t\t\t\t\t<div class=\"elementor-element elementor-element-a52c1df elementor-widget elementor-widget-image\" data-id=\"a52c1df\" data-element_type=\"widget\" data-e-type=\"widget\" data-widget_type=\"image.default\">\n\t\t\t\t<div class=\"elementor-widget-container\">\n\t\t\t\t\t\t\t\t\t\t\t\t\t\t\t<img decoding=\"async\" width=\"600\" height=\"328\" src=\"https:\/\/www.liptovchatky.sk\/wp-content\/uploads\/2023\/07\/Liptovska-Mara-123.jpeg\" class=\"attachment-full size-full wp-image-1405\" alt=\"\" srcset=\"https:\/\/www.liptovchatky.sk\/wp-content\/uploads\/2023\/07\/Liptovska-Mara-123.jpeg 600w, https:\/\/www.liptovchatky.sk\/wp-content\/uploads\/2023\/07\/Liptovska-Mara-123-300x164.jpeg 300w\" sizes=\"(max-width: 600px) 100vw, 600px\" \/>\t\t\t\t\t\t\t\t\t\t\t\t\t\t\t<\/div>\n\t\t\t\t<\/div>\n\t\t\t\t\t<\/div>\n\t\t<\/div>\n\t\t\t\t<div class=\"elementor-column elementor-col-50 elementor-inner-column elementor-element elementor-element-5824dea\" data-id=\"5824dea\" data-element_type=\"column\" data-e-type=\"column\">\n\t\t\t<div class=\"elementor-widget-wrap elementor-element-populated\">\n\t\t\t\t\t\t<div class=\"elementor-element elementor-element-5d4b3b4 elementor-widget elementor-widget-heading\" data-id=\"5d4b3b4\" data-element_type=\"widget\" data-e-type=\"widget\" data-widget_type=\"heading.default\">\n\t\t\t\t<div class=\"elementor-widget-container\">\n\t\t\t\t\t<h2 class=\"elementor-heading-title elementor-size-default\">Liptovsk\u00e1 Mara<\/h2>\t\t\t\t<\/div>\n\t\t\t\t<\/div>\n\t\t\t\t<div class=\"elementor-element elementor-element-c479998 elementor-widget elementor-widget-text-editor\" data-id=\"c479998\" data-element_type=\"widget\" data-e-type=\"widget\" data-widget_type=\"text-editor.default\">\n\t\t\t\t<div class=\"elementor-widget-container\">\n\t\t\t\t\t\t\t\t\t<div class=\"et_pb_column et_pb_column_1_2 et_pb_column_5  et_pb_css_mix_blend_mode_passthrough\"><div class=\"et_pb_module et_pb_text et_pb_text_3  et_pb_text_align_left et_pb_bg_layout_light\"><div class=\"et_pb_text_inner\"><p>Is considerable recreation centre in summer. Liptovska Mara is dam on the river V\u00e1h with execution 198 MW. It was build in years 1969 till 1975. High of dam is 45 m and is a second biggest shoot dike in Slovakia. Dam with balanced reservoir can includes the 365 mil. m3 of water (most on SR). Under water is flood 13 villages. The precious houses are removed to open-air museum. in Pribylina \u2013 Gothic-renaissance manor-house from Parizovce, authentic Gothic churches from Liptovska Mara, Sielnica and valuable rustic houses of folk architecture. Only the articular church from Paludza is remove to near the village Lazisko.<\/p><\/div><\/div><\/div>\t\t\t\t\t\t\t\t<\/div>\n\t\t\t\t<\/div>\n\t\t\t\t\t<\/div>\n\t\t<\/div>\n\t\t\t\t\t<\/div>\n\t\t<\/section>\n\t\t\t\t<section class=\"elementor-section elementor-inner-section elementor-element elementor-element-634a7dc3 elementor-reverse-tablet elementor-reverse-mobile elementor-section-boxed elementor-section-height-default elementor-section-height-default\" data-id=\"634a7dc3\" data-element_type=\"section\" data-e-type=\"section\">\n\t\t\t\t\t\t<div class=\"elementor-container elementor-column-gap-default\">\n\t\t\t\t\t<div class=\"elementor-column elementor-col-50 elementor-inner-column elementor-element elementor-element-72894d0a\" data-id=\"72894d0a\" data-element_type=\"column\" data-e-type=\"column\">\n\t\t\t<div class=\"elementor-widget-wrap elementor-element-populated\">\n\t\t\t\t\t\t<div class=\"elementor-element elementor-element-931fa10 elementor-widget elementor-widget-heading\" data-id=\"931fa10\" data-element_type=\"widget\" data-e-type=\"widget\" data-widget_type=\"heading.default\">\n\t\t\t\t<div class=\"elementor-widget-container\">\n\t\t\t\t\t<h2 class=\"elementor-heading-title elementor-size-default\">Swimming and recreation<\/h2>\t\t\t\t<\/div>\n\t\t\t\t<\/div>\n\t\t\t\t<div class=\"elementor-element elementor-element-5320e5eb elementor-widget elementor-widget-text-editor\" data-id=\"5320e5eb\" data-element_type=\"widget\" data-e-type=\"widget\" data-widget_type=\"text-editor.default\">\n\t\t\t\t<div class=\"elementor-widget-container\">\n\t\t\t\t\t\t\t\t\t<div class=\"elementor-element elementor-element-aaa8c21 elementor-widget elementor-widget-text-editor\" data-id=\"aaa8c21\" data-element_type=\"widget\" data-widget_type=\"text-editor.default\"><div class=\"elementor-widget-container\"><div id=\"main-content\"><article id=\"post-30601\" class=\"post-30601 page type-page status-publish hentry gallery-content-unit\"><div class=\"entry-content\"><div class=\"et-l et-l--post\"><div class=\"et_builder_inner_content et_pb_gutters3\"><div class=\"et_pb_section et_pb_section_4 et_section_regular\"><div class=\"et_pb_row et_pb_row_4\"><div class=\"et_pb_column et_pb_column_1_2 et_pb_column_8 et_pb_css_mix_blend_mode_passthrough et-last-child\"><div class=\"et_pb_module et_pb_text et_pb_text_4 et_pb_text_align_left et_pb_bg_layout_light\"><div class=\"et_pb_text_inner\"><div id=\"main-content\"><article id=\"post-30760\" class=\"post-30760 page type-page status-publish hentry gallery-content-unit\"><div class=\"entry-content\"><div class=\"et-l et-l--post\"><div class=\"et_builder_inner_content et_pb_gutters3\"><div class=\"et_pb_section et_pb_section_4 et_section_regular\"><div class=\"et_pb_row et_pb_row_4\"><div class=\"et_pb_column et_pb_column_1_2 et_pb_column_8  et_pb_css_mix_blend_mode_passthrough et-last-child\"><div class=\"et_pb_module et_pb_text et_pb_text_4  et_pb_text_align_left et_pb_bg_layout_light\"><div class=\"et_pb_text_inner\"><div class=\"vc_row wpb_row vc_row-fluid vc_custom_1519027346474 vc_row-has-fill\" data-vc-full-width=\"true\" data-vc-full-width-init=\"true\"><div class=\"wpb_animate_when_almost_visible wpb_bounceInRight bounceInRight wpb_column vc_column_container vc_col-sm-6 wpb_start_animation animated\"><div class=\"vc_column-inner vc_custom_1519464443130\"><div class=\"wpb_wrapper\"><p class=\"   nd_options_first_font \">Year after year here relax thousands camper. Here are chance bath, make surfing, yachting, get school of windsurfing, floating by water bicycle, play miniature golf, fishery, sailing by scenic boat Liptov \u2013 80 seating \u2013 it everything provides in auto-camp Liptovsky Trnovec on northern shore of Liptovsk\u00e1 Mara. In Trnovec is beach, auto-camp of category \u201cB\u201c for 140 tents, buffet, kitchenette, accommodation in bungalow, rental sporting facilities, miniature golf, harbour, yacht port, rental boat, water safeguarding service, training centre of diver and the grassy beach.<\/p><\/div><\/div><\/div><\/div><\/div><\/div><\/div><\/div><\/div><\/div><\/div><\/div><\/article><\/div><\/div><\/div><\/div><\/div><\/div><\/div><\/div><\/div><\/article><\/div><\/div><\/div><div class=\"elementor-element elementor-element-eb4cd2d elementor-view-framed elementor-position-left elementor-vertical-align-middle elementor-shape-circle elementor-mobile-position-top elementor-widget elementor-widget-icon-box\" data-id=\"eb4cd2d\" data-element_type=\"widget\" data-widget_type=\"icon-box.default\"><div class=\"elementor-widget-container\"><div class=\"elementor-icon-box-wrapper\"><div class=\"elementor-icon-box-icon\">\u00a0<\/div><\/div><\/div><\/div>\t\t\t\t\t\t\t\t<\/div>\n\t\t\t\t<\/div>\n\t\t\t\t\t<\/div>\n\t\t<\/div>\n\t\t\t\t<div class=\"elementor-column elementor-col-50 elementor-inner-column elementor-element elementor-element-dbc1f79\" data-id=\"dbc1f79\" data-element_type=\"column\" data-e-type=\"column\">\n\t\t\t<div class=\"elementor-widget-wrap elementor-element-populated\">\n\t\t\t\t\t\t<div class=\"elementor-element elementor-element-315cebc elementor-widget elementor-widget-image\" data-id=\"315cebc\" data-element_type=\"widget\" data-e-type=\"widget\" data-widget_type=\"image.default\">\n\t\t\t\t<div class=\"elementor-widget-container\">\n\t\t\t\t\t\t\t\t\t\t\t\t\t\t\t<img loading=\"lazy\" decoding=\"async\" width=\"728\" height=\"364\" src=\"https:\/\/www.liptovchatky.sk\/wp-content\/uploads\/2023\/07\/splav-vah.jpeg\" class=\"attachment-full size-full wp-image-1407\" alt=\"\" srcset=\"https:\/\/www.liptovchatky.sk\/wp-content\/uploads\/2023\/07\/splav-vah.jpeg 728w, https:\/\/www.liptovchatky.sk\/wp-content\/uploads\/2023\/07\/splav-vah-300x150.jpeg 300w\" sizes=\"(max-width: 728px) 100vw, 728px\" \/>\t\t\t\t\t\t\t\t\t\t\t\t\t\t\t<\/div>\n\t\t\t\t<\/div>\n\t\t\t\t\t<\/div>\n\t\t<\/div>\n\t\t\t\t\t<\/div>\n\t\t<\/section>\n\t\t\t\t\t<\/div>\n\t\t<\/div>\n\t\t\t\t\t<\/div>\n\t\t<\/section>\n\t\t\t\t<\/div>\n\t\t","protected":false},"excerpt":{"rendered":"<p>Surroudings Around the cottages Nature, Sights, Sport, Aquaparks.. Aquapark Tatralandia The first year-round Aquapark Tatralandia in Slovakia is situated near the town of Liptovsk\u00fd Mikul\u00e1\u0161, at the northern shore of the Liptovsk\u00e1 Mara reservoir, within a stone\u00b4s throw from the hiking and skiing centre of the Liptov region \u2013 Jasn\u00e1 in Low Tatras. Tatralandia is [&hellip;]<\/p>\n","protected":false},"author":1,"featured_media":0,"parent":0,"menu_order":0,"comment_status":"closed","ping_status":"closed","template":"","meta":{"footnotes":""},"class_list":["post-1545","page","type-page","status-publish","hentry"],"_links":{"self":[{"href":"https:\/\/www.liptovchatky.sk\/en\/wp-json\/wp\/v2\/pages\/1545","targetHints":{"allow":["GET"]}}],"collection":[{"href":"https:\/\/www.liptovchatky.sk\/en\/wp-json\/wp\/v2\/pages"}],"about":[{"href":"https:\/\/www.liptovchatky.sk\/en\/wp-json\/wp\/v2\/types\/page"}],"author":[{"embeddable":true,"href":"https:\/\/www.liptovchatky.sk\/en\/wp-json\/wp\/v2\/users\/1"}],"replies":[{"embeddable":true,"href":"https:\/\/www.liptovchatky.sk\/en\/wp-json\/wp\/v2\/comments?post=1545"}],"version-history":[{"count":7,"href":"https:\/\/www.liptovchatky.sk\/en\/wp-json\/wp\/v2\/pages\/1545\/revisions"}],"predecessor-version":[{"id":1554,"href":"https:\/\/www.liptovchatky.sk\/en\/wp-json\/wp\/v2\/pages\/1545\/revisions\/1554"}],"wp:attachment":[{"href":"https:\/\/www.liptovchatky.sk\/en\/wp-json\/wp\/v2\/media?parent=1545"}],"curies":[{"name":"wp","href":"https:\/\/api.w.org\/{rel}","templated":true}]}}