{"id":1523,"date":"2023-06-24T11:18:17","date_gmt":"2023-06-24T09:18:17","guid":{"rendered":"https:\/\/www.liptovchatky.sk\/okolica\/"},"modified":"2023-07-10T14:58:06","modified_gmt":"2023-07-10T12:58:06","slug":"okolica","status":"publish","type":"page","link":"https:\/\/www.liptovchatky.sk\/pl\/okolica\/","title":{"rendered":"Okolica"},"content":{"rendered":"\t\t<div data-elementor-type=\"wp-page\" data-elementor-id=\"1523\" class=\"elementor elementor-1523 elementor-116\" data-elementor-post-type=\"page\">\n\t\t\t\t\t\t<section class=\"elementor-section elementor-top-section elementor-element elementor-element-77444e34 elementor-section-height-min-height elementor-section-boxed elementor-section-height-default elementor-section-items-middle\" data-id=\"77444e34\" data-element_type=\"section\" data-e-type=\"section\" data-settings=\"{&quot;background_background&quot;:&quot;classic&quot;}\">\n\t\t\t\t\t\t\t<div class=\"elementor-background-overlay\"><\/div>\n\t\t\t\t\t\t\t<div class=\"elementor-container elementor-column-gap-default\">\n\t\t\t\t\t<div class=\"elementor-column elementor-col-100 elementor-top-column elementor-element elementor-element-485fe2ca\" data-id=\"485fe2ca\" data-element_type=\"column\" data-e-type=\"column\">\n\t\t\t<div class=\"elementor-widget-wrap elementor-element-populated\">\n\t\t\t\t\t\t<div class=\"elementor-element elementor-element-5e455c1 elementor-widget elementor-widget-elementskit-heading\" data-id=\"5e455c1\" data-element_type=\"widget\" data-e-type=\"widget\" data-widget_type=\"elementskit-heading.default\">\n\t\t\t\t<div class=\"elementor-widget-container\">\n\t\t\t\t\t<div class=\"ekit-wid-con\" ><div class=\"ekit-heading elementskit-section-title-wraper text_center   ekit_heading_tablet-text_center   ekit_heading_mobile-\"><h2 class=\"ekit-heading--title elementskit-section-title \">Okolica<\/h2><\/div><\/div>\t\t\t\t<\/div>\n\t\t\t\t<\/div>\n\t\t\t\t\t<\/div>\n\t\t<\/div>\n\t\t\t\t\t<\/div>\n\t\t<\/section>\n\t\t\t\t<section class=\"elementor-section elementor-top-section elementor-element elementor-element-53b75001 elementor-section-boxed elementor-section-height-default elementor-section-height-default\" data-id=\"53b75001\" data-element_type=\"section\" data-e-type=\"section\" data-settings=\"{&quot;background_background&quot;:&quot;classic&quot;}\">\n\t\t\t\t\t\t<div class=\"elementor-container elementor-column-gap-default\">\n\t\t\t\t\t<div class=\"elementor-column elementor-col-100 elementor-top-column elementor-element elementor-element-35e823da\" data-id=\"35e823da\" data-element_type=\"column\" data-e-type=\"column\">\n\t\t\t<div class=\"elementor-widget-wrap elementor-element-populated\">\n\t\t\t\t\t\t<div class=\"elementor-element elementor-element-1c8d9bca elementor-widget elementor-widget-heading\" data-id=\"1c8d9bca\" data-element_type=\"widget\" data-e-type=\"widget\" data-widget_type=\"heading.default\">\n\t\t\t\t<div class=\"elementor-widget-container\">\n\t\t\t\t\t<h3 class=\"elementor-heading-title elementor-size-default\">Wok\u00f3\u0142 domk\u00f3w<\/h3>\t\t\t\t<\/div>\n\t\t\t\t<\/div>\n\t\t\t\t<div class=\"elementor-element elementor-element-6acc2d04 elementor-widget elementor-widget-text-editor\" data-id=\"6acc2d04\" data-element_type=\"widget\" data-e-type=\"widget\" data-widget_type=\"text-editor.default\">\n\t\t\t\t<div class=\"elementor-widget-container\">\n\t\t\t\t\t\t\t\t\t<p>Przyroda, Zabytki, Sport, Aquaparki..<\/p>\t\t\t\t\t\t\t\t<\/div>\n\t\t\t\t<\/div>\n\t\t\t\t<section class=\"elementor-section elementor-inner-section elementor-element elementor-element-6c5174e8 elementor-section-boxed elementor-section-height-default elementor-section-height-default\" data-id=\"6c5174e8\" data-element_type=\"section\" data-e-type=\"section\" data-settings=\"{&quot;background_background&quot;:&quot;classic&quot;}\">\n\t\t\t\t\t\t<div class=\"elementor-container elementor-column-gap-default\">\n\t\t\t\t\t<div class=\"elementor-column elementor-col-50 elementor-inner-column elementor-element elementor-element-84e5329\" data-id=\"84e5329\" data-element_type=\"column\" data-e-type=\"column\">\n\t\t\t<div class=\"elementor-widget-wrap elementor-element-populated\">\n\t\t\t\t\t\t<div class=\"elementor-element elementor-element-68cfda73 elementor-widget elementor-widget-image\" data-id=\"68cfda73\" data-element_type=\"widget\" data-e-type=\"widget\" data-widget_type=\"image.default\">\n\t\t\t\t<div class=\"elementor-widget-container\">\n\t\t\t\t\t\t\t\t\t\t\t\t\t\t\t<img fetchpriority=\"high\" decoding=\"async\" width=\"564\" height=\"320\" src=\"https:\/\/www.liptovchatky.sk\/wp-content\/uploads\/2023\/07\/6081.jpeg\" class=\"attachment-full size-full wp-image-1412\" alt=\"\" srcset=\"https:\/\/www.liptovchatky.sk\/wp-content\/uploads\/2023\/07\/6081.jpeg 564w, https:\/\/www.liptovchatky.sk\/wp-content\/uploads\/2023\/07\/6081-300x170.jpeg 300w\" sizes=\"(max-width: 564px) 100vw, 564px\" \/>\t\t\t\t\t\t\t\t\t\t\t\t\t\t\t<\/div>\n\t\t\t\t<\/div>\n\t\t\t\t\t<\/div>\n\t\t<\/div>\n\t\t\t\t<div class=\"elementor-column elementor-col-50 elementor-inner-column elementor-element elementor-element-78469a6d\" data-id=\"78469a6d\" data-element_type=\"column\" data-e-type=\"column\">\n\t\t\t<div class=\"elementor-widget-wrap elementor-element-populated\">\n\t\t\t\t\t\t<div class=\"elementor-element elementor-element-5d251e09 elementor-widget elementor-widget-heading\" data-id=\"5d251e09\" data-element_type=\"widget\" data-e-type=\"widget\" data-widget_type=\"heading.default\">\n\t\t\t\t<div class=\"elementor-widget-container\">\n\t\t\t\t\t<h3 class=\"elementor-heading-title elementor-size-default\">Aquapark Tatralandia<\/h3>\t\t\t\t<\/div>\n\t\t\t\t<\/div>\n\t\t\t\t<div class=\"elementor-element elementor-element-54faac78 elementor-widget elementor-widget-text-editor\" data-id=\"54faac78\" data-element_type=\"widget\" data-e-type=\"widget\" data-widget_type=\"text-editor.default\">\n\t\t\t\t<div class=\"elementor-widget-container\">\n\t\t\t\t\t\t\t\t\t<p>Dla tych, kt\u00f3rzy pragn\u0105 przede wszystkim relaksu i regeneracji, oferujemy relaks w basenach termalnych z du\u017c\u0105 ilo\u015bci\u0105 wodnych masa\u017cy.<\/p>\t\t\t\t\t\t\t\t<\/div>\n\t\t\t\t<\/div>\n\t\t\t\t\t<\/div>\n\t\t<\/div>\n\t\t\t\t\t<\/div>\n\t\t<\/section>\n\t\t\t\t<section class=\"elementor-section elementor-inner-section elementor-element elementor-element-da2bb6f elementor-reverse-tablet elementor-reverse-mobile elementor-section-boxed elementor-section-height-default elementor-section-height-default\" data-id=\"da2bb6f\" data-element_type=\"section\" data-e-type=\"section\">\n\t\t\t\t\t\t<div class=\"elementor-container elementor-column-gap-default\">\n\t\t\t\t\t<div class=\"elementor-column elementor-col-50 elementor-inner-column elementor-element elementor-element-95a1704\" data-id=\"95a1704\" data-element_type=\"column\" data-e-type=\"column\">\n\t\t\t<div class=\"elementor-widget-wrap elementor-element-populated\">\n\t\t\t\t\t\t<div class=\"elementor-element elementor-element-7e55a46 elementor-widget elementor-widget-heading\" data-id=\"7e55a46\" data-element_type=\"widget\" data-e-type=\"widget\" data-widget_type=\"heading.default\">\n\t\t\t\t<div class=\"elementor-widget-container\">\n\t\t\t\t\t<h2 class=\"elementor-heading-title elementor-size-default\">Gino Park Be\u0161e\u0148ov\u00e1\n<\/h2>\t\t\t\t<\/div>\n\t\t\t\t<\/div>\n\t\t\t\t<div class=\"elementor-element elementor-element-5a30396 elementor-widget elementor-widget-text-editor\" data-id=\"5a30396\" data-element_type=\"widget\" data-e-type=\"widget\" data-widget_type=\"text-editor.default\">\n\t\t\t\t<div class=\"elementor-widget-container\">\n\t\t\t\t\t\t\t\t\t<p>Miejscowo\u015b\u0107 Be\u0161e\u0148ov\u00e1 le\u017cy 12 km na wsch\u00f3d od Ruzomberok, na prawym brzegu Wagu. Istnieje 6 basen\u00f3w z ca\u0142oroczn\u0105 eksploatacj\u0105. \u0179r\u00f3d\u0142a geotermalne osi\u0105gaj\u0105 temperatur\u0119 do 61 \u00b0 C W basenach woda o temperaturze 36-40 \u00b0 C, pochodz\u0105ca z g\u0142\u0119boko\u015bci 1987 m, kt\u00f3ra ma korzystny wp\u0142yw na ruch i uk\u0142ad oddechowy, ma problemy urologiczne i ma korzystne dzia\u0142anie kosmetyczne. Zalecamy p\u0142ywanie, szczeg\u00f3lnie zim\u0105, w otwartym basenie, gdy temperatura otoczenia jest poni\u017cej zera. Opr\u00f3cz p\u0142ywania o\u015brodek oferuje relaksuj\u0105ce masa\u017ce, siatk\u00f3wk\u0119 pla\u017cow\u0105, zje\u017cd\u017calni\u0119 wodn\u0105 i przyjemn\u0105 cz\u0119\u015b\u0107 wypoczynkow\u0105 w restauracji.<\/p>\t\t\t\t\t\t\t\t<\/div>\n\t\t\t\t<\/div>\n\t\t\t\t\t<\/div>\n\t\t<\/div>\n\t\t\t\t<div class=\"elementor-column elementor-col-50 elementor-inner-column elementor-element elementor-element-62429c8\" data-id=\"62429c8\" data-element_type=\"column\" data-e-type=\"column\">\n\t\t\t<div class=\"elementor-widget-wrap elementor-element-populated\">\n\t\t\t\t\t\t<div class=\"elementor-element elementor-element-51d4d2d elementor-widget elementor-widget-image\" data-id=\"51d4d2d\" data-element_type=\"widget\" data-e-type=\"widget\" data-widget_type=\"image.default\">\n\t\t\t\t<div class=\"elementor-widget-container\">\n\t\t\t\t\t\t\t\t\t\t\t\t\t\t\t<img decoding=\"async\" width=\"579\" height=\"342\" src=\"https:\/\/www.liptovchatky.sk\/wp-content\/uploads\/2023\/07\/beska.png\" class=\"attachment-full size-full wp-image-1410\" alt=\"\" srcset=\"https:\/\/www.liptovchatky.sk\/wp-content\/uploads\/2023\/07\/beska.png 579w, https:\/\/www.liptovchatky.sk\/wp-content\/uploads\/2023\/07\/beska-300x177.png 300w\" sizes=\"(max-width: 579px) 100vw, 579px\" \/>\t\t\t\t\t\t\t\t\t\t\t\t\t\t\t<\/div>\n\t\t\t\t<\/div>\n\t\t\t\t\t<\/div>\n\t\t<\/div>\n\t\t\t\t\t<\/div>\n\t\t<\/section>\n\t\t\t\t<section class=\"elementor-section elementor-inner-section elementor-element elementor-element-f408d9e elementor-section-boxed elementor-section-height-default elementor-section-height-default\" data-id=\"f408d9e\" data-element_type=\"section\" data-e-type=\"section\" data-settings=\"{&quot;background_background&quot;:&quot;classic&quot;}\">\n\t\t\t\t\t\t<div class=\"elementor-container elementor-column-gap-default\">\n\t\t\t\t\t<div class=\"elementor-column elementor-col-50 elementor-inner-column elementor-element elementor-element-acad884\" data-id=\"acad884\" data-element_type=\"column\" data-e-type=\"column\">\n\t\t\t<div class=\"elementor-widget-wrap elementor-element-populated\">\n\t\t\t\t\t\t<div class=\"elementor-element elementor-element-a52c1df elementor-widget elementor-widget-image\" data-id=\"a52c1df\" data-element_type=\"widget\" data-e-type=\"widget\" data-widget_type=\"image.default\">\n\t\t\t\t<div class=\"elementor-widget-container\">\n\t\t\t\t\t\t\t\t\t\t\t\t\t\t\t<img decoding=\"async\" width=\"600\" height=\"328\" src=\"https:\/\/www.liptovchatky.sk\/wp-content\/uploads\/2023\/07\/Liptovska-Mara-123.jpeg\" class=\"attachment-full size-full wp-image-1406\" alt=\"\" srcset=\"https:\/\/www.liptovchatky.sk\/wp-content\/uploads\/2023\/07\/Liptovska-Mara-123.jpeg 600w, https:\/\/www.liptovchatky.sk\/wp-content\/uploads\/2023\/07\/Liptovska-Mara-123-300x164.jpeg 300w\" sizes=\"(max-width: 600px) 100vw, 600px\" \/>\t\t\t\t\t\t\t\t\t\t\t\t\t\t\t<\/div>\n\t\t\t\t<\/div>\n\t\t\t\t\t<\/div>\n\t\t<\/div>\n\t\t\t\t<div class=\"elementor-column elementor-col-50 elementor-inner-column elementor-element elementor-element-5824dea\" data-id=\"5824dea\" data-element_type=\"column\" data-e-type=\"column\">\n\t\t\t<div class=\"elementor-widget-wrap elementor-element-populated\">\n\t\t\t\t\t\t<div class=\"elementor-element elementor-element-5d4b3b4 elementor-widget elementor-widget-heading\" data-id=\"5d4b3b4\" data-element_type=\"widget\" data-e-type=\"widget\" data-widget_type=\"heading.default\">\n\t\t\t\t<div class=\"elementor-widget-container\">\n\t\t\t\t\t<h2 class=\"elementor-heading-title elementor-size-default\">Zbiornik wodny Liptovsk\u00e1 Mara<\/h2>\t\t\t\t<\/div>\n\t\t\t\t<\/div>\n\t\t\t\t<div class=\"elementor-element elementor-element-c479998 elementor-widget elementor-widget-text-editor\" data-id=\"c479998\" data-element_type=\"widget\" data-e-type=\"widget\" data-widget_type=\"text-editor.default\">\n\t\t\t\t<div class=\"elementor-widget-container\">\n\t\t\t\t\t\t\t\t\t<div class=\"et_pb_column et_pb_column_1_2 et_pb_column_5  et_pb_css_mix_blend_mode_passthrough\"><div class=\"et_pb_module et_pb_text et_pb_text_3  et_pb_text_align_left et_pb_bg_layout_light\"><div class=\"et_pb_text_inner\"><p>Najwa\u017cniejsze centrum rekreacyjne w lecie. Liptovsk\u00e1 Mara jest tama na skali o mocy 198 MW, wybudowany w latach 1969 i 1975. 45 m drugim najwi\u0119kszym luzem zapory na S\u0142owacji. Zbiornik ze zbiornikiem buforowym mo\u017ce pomie\u015bci\u0107 365 mil. m3, g\u0142\u00f3wnie na S\u0142owacji. Jego pi\u0119ta ma 200 m szeroko\u015bci i 1225 m d\u0142ugo\u015bci. Wody tamy zala\u0142y 13 gmin. Najmniejsze domy s\u0105 przenoszone do skansena Pribyline. Odniesieniu do tych zabytk\u00f3w: rezydencji gotycko-renesansowym w Par\u00ed\u017eovce, oryginalnych gotyckich ko\u015bcio\u0142\u00f3w w Liptovsk\u00e1 Mara, Sielnici, cennych rustykalnych dom\u00f3w architektury ludowej. Wyj\u0105tek stanowi ko\u015bci\u00f3\u0142 stawowy Paludz, kt\u00f3ry zosta\u0142 przeniesiony na obrze\u017ca Laziska.<\/p><\/div><\/div><\/div><div class=\"et_pb_column et_pb_column_1_2 et_pb_column_6  et_pb_css_mix_blend_mode_passthrough et-last-child\">\u00a0<\/div>\t\t\t\t\t\t\t\t<\/div>\n\t\t\t\t<\/div>\n\t\t\t\t\t<\/div>\n\t\t<\/div>\n\t\t\t\t\t<\/div>\n\t\t<\/section>\n\t\t\t\t<section class=\"elementor-section elementor-inner-section elementor-element elementor-element-634a7dc3 elementor-reverse-tablet elementor-reverse-mobile elementor-section-boxed elementor-section-height-default elementor-section-height-default\" data-id=\"634a7dc3\" data-element_type=\"section\" data-e-type=\"section\">\n\t\t\t\t\t\t<div class=\"elementor-container elementor-column-gap-default\">\n\t\t\t\t\t<div class=\"elementor-column elementor-col-50 elementor-inner-column elementor-element elementor-element-72894d0a\" data-id=\"72894d0a\" data-element_type=\"column\" data-e-type=\"column\">\n\t\t\t<div class=\"elementor-widget-wrap elementor-element-populated\">\n\t\t\t\t\t\t<div class=\"elementor-element elementor-element-931fa10 elementor-widget elementor-widget-heading\" data-id=\"931fa10\" data-element_type=\"widget\" data-e-type=\"widget\" data-widget_type=\"heading.default\">\n\t\t\t\t<div class=\"elementor-widget-container\">\n\t\t\t\t\t<h2 class=\"elementor-heading-title elementor-size-default\">Opcje rekreacji<\/h2>\t\t\t\t<\/div>\n\t\t\t\t<\/div>\n\t\t\t\t<div class=\"elementor-element elementor-element-5320e5eb elementor-widget elementor-widget-text-editor\" data-id=\"5320e5eb\" data-element_type=\"widget\" data-e-type=\"widget\" data-widget_type=\"text-editor.default\">\n\t\t\t\t<div class=\"elementor-widget-container\">\n\t\t\t\t\t\t\t\t\t<div class=\"elementor-element elementor-element-aaa8c21 elementor-widget elementor-widget-text-editor\" data-id=\"aaa8c21\" data-element_type=\"widget\" data-widget_type=\"text-editor.default\"><div class=\"elementor-widget-container\"><div id=\"main-content\"><article id=\"post-30601\" class=\"post-30601 page type-page status-publish hentry gallery-content-unit\"><div class=\"entry-content\"><div class=\"et-l et-l--post\"><div class=\"et_builder_inner_content et_pb_gutters3\"><div class=\"et_pb_section et_pb_section_4 et_section_regular\"><div class=\"et_pb_row et_pb_row_4\"><div class=\"et_pb_column et_pb_column_1_2 et_pb_column_8 et_pb_css_mix_blend_mode_passthrough et-last-child\"><div class=\"et_pb_module et_pb_text et_pb_text_4 et_pb_text_align_left et_pb_bg_layout_light\"><div class=\"et_pb_text_inner\"><div id=\"main-content\"><article id=\"post-30806\" class=\"post-30806 page type-page status-publish hentry gallery-content-unit\"><div class=\"entry-content\"><div class=\"et-l et-l--post\"><div class=\"et_builder_inner_content et_pb_gutters3\"><div class=\"et_pb_section et_pb_section_4 et_section_regular\"><div class=\"et_pb_row et_pb_row_4\"><div class=\"et_pb_column et_pb_column_1_2 et_pb_column_8  et_pb_css_mix_blend_mode_passthrough et-last-child\"><div class=\"et_pb_module et_pb_text et_pb_text_4  et_pb_text_align_left et_pb_bg_layout_light\"><div class=\"et_pb_text_inner\"><p>Co roku przybywaj\u0105 tu tysi\u0105ce turyst\u00f3w. Tam s\u0105 p\u0142ywanie, surfing, \u017ceglarstwo, windsurfing szko\u0142y, \u017ceglarstwo, woda na rowerze, golf, w\u0119dkarstwo, \u017ceglarstwo na lo\u010fou.V Liptowski Trnovec jest pla\u017ca p\u0142ywanie i camping sportowego, golf, port \u017ceglugi morskiej, przystani jachtowej, wynajem \u0142odzi, s\u0142u\u017cby ratownictwa wodnego, centrum szkoleniowe z nurkowaniem i trawiasta pla\u017ca. Od wiosny do jesieni odbywaj\u0105 si\u0119 znacz\u0105ce imprezy sportowe z udzia\u0142em mi\u0119dzynarodowym. Inne o\u015brodki wypoczynkowe na p\u00f3\u0142nocnym brzegu zapory: Bobrovn\u00edk, Liptovsk\u00e1 Sielnica. Na p\u00f3\u0142nocnym brzegu szosy wiadomo Decht\u00e1re domek, kt\u00f3ry oferuje typowe specja\u0142y Liptowa. O\u015brodek jest dobrze po\u0142o\u017cony w pobli\u017cu punktu wyj\u015bcia szlak\u00f3w turystycznych do G\u00f3ry Chocza\u0144skie, zachodniej i Niskich Tatr.<\/p><\/div><\/div><\/div><\/div><\/div><\/div><\/div><\/div><\/article><\/div><\/div><\/div><\/div><\/div><\/div><\/div><\/div><\/div><\/article><\/div><\/div><\/div><div class=\"elementor-element elementor-element-eb4cd2d elementor-view-framed elementor-position-left elementor-vertical-align-middle elementor-shape-circle elementor-mobile-position-top elementor-widget elementor-widget-icon-box\" data-id=\"eb4cd2d\" data-element_type=\"widget\" data-widget_type=\"icon-box.default\"><div class=\"elementor-widget-container\"><div class=\"elementor-icon-box-wrapper\"><div class=\"elementor-icon-box-icon\">\u00a0<\/div><\/div><\/div><\/div>\t\t\t\t\t\t\t\t<\/div>\n\t\t\t\t<\/div>\n\t\t\t\t\t<\/div>\n\t\t<\/div>\n\t\t\t\t<div class=\"elementor-column elementor-col-50 elementor-inner-column elementor-element elementor-element-dbc1f79\" data-id=\"dbc1f79\" data-element_type=\"column\" data-e-type=\"column\">\n\t\t\t<div class=\"elementor-widget-wrap elementor-element-populated\">\n\t\t\t\t\t\t<div class=\"elementor-element elementor-element-315cebc elementor-widget elementor-widget-image\" data-id=\"315cebc\" data-element_type=\"widget\" data-e-type=\"widget\" data-widget_type=\"image.default\">\n\t\t\t\t<div class=\"elementor-widget-container\">\n\t\t\t\t\t\t\t\t\t\t\t\t\t\t\t<img loading=\"lazy\" decoding=\"async\" width=\"728\" height=\"364\" src=\"https:\/\/www.liptovchatky.sk\/wp-content\/uploads\/2023\/07\/splav-vah.jpeg\" class=\"attachment-full size-full wp-image-1408\" alt=\"\" srcset=\"https:\/\/www.liptovchatky.sk\/wp-content\/uploads\/2023\/07\/splav-vah.jpeg 728w, https:\/\/www.liptovchatky.sk\/wp-content\/uploads\/2023\/07\/splav-vah-300x150.jpeg 300w\" sizes=\"(max-width: 728px) 100vw, 728px\" \/>\t\t\t\t\t\t\t\t\t\t\t\t\t\t\t<\/div>\n\t\t\t\t<\/div>\n\t\t\t\t\t<\/div>\n\t\t<\/div>\n\t\t\t\t\t<\/div>\n\t\t<\/section>\n\t\t\t\t\t<\/div>\n\t\t<\/div>\n\t\t\t\t\t<\/div>\n\t\t<\/section>\n\t\t\t\t<\/div>\n\t\t","protected":false},"excerpt":{"rendered":"<p>Okolica Wok\u00f3\u0142 domk\u00f3w Przyroda, Zabytki, Sport, Aquaparki.. Aquapark Tatralandia Dla tych, kt\u00f3rzy pragn\u0105 przede wszystkim relaksu i regeneracji, oferujemy relaks w basenach termalnych z du\u017c\u0105 ilo\u015bci\u0105 wodnych masa\u017cy. Gino Park Be\u0161e\u0148ov\u00e1 Miejscowo\u015b\u0107 Be\u0161e\u0148ov\u00e1 le\u017cy 12 km na wsch\u00f3d od Ruzomberok, na prawym brzegu Wagu. Istnieje 6 basen\u00f3w z ca\u0142oroczn\u0105 eksploatacj\u0105. \u0179r\u00f3d\u0142a geotermalne osi\u0105gaj\u0105 temperatur\u0119 do [&hellip;]<\/p>\n","protected":false},"author":1,"featured_media":0,"parent":0,"menu_order":0,"comment_status":"closed","ping_status":"closed","template":"","meta":{"footnotes":""},"class_list":["post-1523","page","type-page","status-publish","hentry"],"_links":{"self":[{"href":"https:\/\/www.liptovchatky.sk\/pl\/wp-json\/wp\/v2\/pages\/1523","targetHints":{"allow":["GET"]}}],"collection":[{"href":"https:\/\/www.liptovchatky.sk\/pl\/wp-json\/wp\/v2\/pages"}],"about":[{"href":"https:\/\/www.liptovchatky.sk\/pl\/wp-json\/wp\/v2\/types\/page"}],"author":[{"embeddable":true,"href":"https:\/\/www.liptovchatky.sk\/pl\/wp-json\/wp\/v2\/users\/1"}],"replies":[{"embeddable":true,"href":"https:\/\/www.liptovchatky.sk\/pl\/wp-json\/wp\/v2\/comments?post=1523"}],"version-history":[{"count":10,"href":"https:\/\/www.liptovchatky.sk\/pl\/wp-json\/wp\/v2\/pages\/1523\/revisions"}],"predecessor-version":[{"id":1534,"href":"https:\/\/www.liptovchatky.sk\/pl\/wp-json\/wp\/v2\/pages\/1523\/revisions\/1534"}],"wp:attachment":[{"href":"https:\/\/www.liptovchatky.sk\/pl\/wp-json\/wp\/v2\/media?parent=1523"}],"curies":[{"name":"wp","href":"https:\/\/api.w.org\/{rel}","templated":true}]}}