{"id":1539,"date":"2023-06-24T11:19:08","date_gmt":"2023-06-24T09:19:08","guid":{"rendered":"https:\/\/www.liptovchatky.sk\/rezerwacja\/"},"modified":"2023-07-11T12:48:36","modified_gmt":"2023-07-11T10:48:36","slug":"rezerwacja","status":"publish","type":"page","link":"https:\/\/www.liptovchatky.sk\/pl\/rezerwacja\/","title":{"rendered":"Rezerwacja"},"content":{"rendered":"\t\t<div data-elementor-type=\"wp-page\" data-elementor-id=\"1539\" class=\"elementor elementor-1539 elementor-122\" data-elementor-post-type=\"page\">\n\t\t\t\t\t\t<section class=\"elementor-section elementor-top-section elementor-element elementor-element-63e845b3 elementor-section-height-min-height elementor-section-boxed elementor-section-height-default elementor-section-items-middle\" data-id=\"63e845b3\" data-element_type=\"section\" data-e-type=\"section\" data-settings=\"{&quot;background_background&quot;:&quot;classic&quot;}\">\n\t\t\t\t\t\t\t<div class=\"elementor-background-overlay\"><\/div>\n\t\t\t\t\t\t\t<div class=\"elementor-container elementor-column-gap-default\">\n\t\t\t\t\t<div class=\"elementor-column elementor-col-100 elementor-top-column elementor-element elementor-element-6e9e99ef\" data-id=\"6e9e99ef\" data-element_type=\"column\" data-e-type=\"column\">\n\t\t\t<div class=\"elementor-widget-wrap elementor-element-populated\">\n\t\t\t\t\t\t<div class=\"elementor-element elementor-element-15fd414f elementor-widget elementor-widget-elementskit-heading\" data-id=\"15fd414f\" data-element_type=\"widget\" data-e-type=\"widget\" data-widget_type=\"elementskit-heading.default\">\n\t\t\t\t<div class=\"elementor-widget-container\">\n\t\t\t\t\t<div class=\"ekit-wid-con\" ><div class=\"ekit-heading elementskit-section-title-wraper text_center   ekit_heading_tablet-text_center   ekit_heading_mobile-\"><h2 class=\"ekit-heading--title elementskit-section-title \">Rezerwacja<\/h2><\/div><\/div>\t\t\t\t<\/div>\n\t\t\t\t<\/div>\n\t\t\t\t\t<\/div>\n\t\t<\/div>\n\t\t\t\t\t<\/div>\n\t\t<\/section>\n\t\t\t\t<section class=\"elementor-section elementor-top-section elementor-element elementor-element-6cc89f1c elementor-reverse-tablet elementor-reverse-mobile elementor-section-boxed elementor-section-height-default elementor-section-height-default\" data-id=\"6cc89f1c\" data-element_type=\"section\" data-e-type=\"section\">\n\t\t\t\t\t\t<div class=\"elementor-container elementor-column-gap-default\">\n\t\t\t\t\t<div class=\"elementor-column elementor-col-50 elementor-top-column elementor-element elementor-element-1c393b1\" data-id=\"1c393b1\" data-element_type=\"column\" data-e-type=\"column\" data-settings=\"{&quot;background_background&quot;:&quot;classic&quot;}\">\n\t\t\t<div class=\"elementor-widget-wrap elementor-element-populated\">\n\t\t\t\t\t\t<div class=\"elementor-element elementor-element-4d5d2855 elementor-widget elementor-widget-heading\" data-id=\"4d5d2855\" data-element_type=\"widget\" data-e-type=\"widget\" data-widget_type=\"heading.default\">\n\t\t\t\t<div class=\"elementor-widget-container\">\n\t\t\t\t\t<h2 class=\"elementor-heading-title elementor-size-default\">System rezerwacji<\/h2>\t\t\t\t<\/div>\n\t\t\t\t<\/div>\n\t\t\t\t<div class=\"elementor-element elementor-element-1ece3f4 elementor-widget elementor-widget-text-editor\" data-id=\"1ece3f4\" data-element_type=\"widget\" data-e-type=\"widget\" data-widget_type=\"text-editor.default\">\n\t\t\t\t<div class=\"elementor-widget-container\">\n\t\t\t\t\t\t\t\t\t<p style=\"text-align: center;\">domk\u00f3w na Liptowie<\/p>\n\t\t\t\t\t\t\t\t<\/div>\n\t\t\t\t<\/div>\n\t\t\t\t<div class=\"elementor-element elementor-element-213c8808 elementor-widget elementor-widget-text-editor\" data-id=\"213c8808\" data-element_type=\"widget\" data-e-type=\"widget\" data-widget_type=\"text-editor.default\">\n\t\t\t\t<div class=\"elementor-widget-container\">\n\t\t\t\t\t\t\t\t\t<p>Mo\u017cesz zarezerwowa\u0107 pobyt w naszych <strong>domkach Tatralandia.<\/strong> Po dokonaniu rezerwacji otrzymaj\u0105 Pa\u0144stwo potwierdzenie oraz faktur\u0119 zaliczkow\u0105. <strong>Prosimy o przestrzeganie terminu<\/strong> p\u0142atno\u015bci faktury, w przypadku niedotrzymania terminu faktura zostanie zwolniona po up\u0142ywie terminu p\u0142atno\u015bci.<\/p>\n\t\t\t\t\t\t\t\t<\/div>\n\t\t\t\t<\/div>\n\t\t\t\t\t<\/div>\n\t\t<\/div>\n\t\t\t\t<div class=\"elementor-column elementor-col-50 elementor-top-column elementor-element elementor-element-2d04d893\" data-id=\"2d04d893\" data-element_type=\"column\" data-e-type=\"column\">\n\t\t\t<div class=\"elementor-widget-wrap elementor-element-populated\">\n\t\t\t\t\t\t<div class=\"elementor-element elementor-element-2133ccb5 elementor-widget elementor-widget-image\" data-id=\"2133ccb5\" data-element_type=\"widget\" data-e-type=\"widget\" data-widget_type=\"image.default\">\n\t\t\t\t<div class=\"elementor-widget-container\">\n\t\t\t\t\t\t\t\t\t\t\t\t\t\t\t<img fetchpriority=\"high\" decoding=\"async\" width=\"1024\" height=\"683\" src=\"https:\/\/www.liptovchatky.sk\/wp-content\/uploads\/2023\/07\/222.jpg\" class=\"attachment-full size-full wp-image-1400\" alt=\"\" srcset=\"https:\/\/www.liptovchatky.sk\/wp-content\/uploads\/2023\/07\/222.jpg 1024w, https:\/\/www.liptovchatky.sk\/wp-content\/uploads\/2023\/07\/222-300x200.jpg 300w, https:\/\/www.liptovchatky.sk\/wp-content\/uploads\/2023\/07\/222-768x512.jpg 768w\" sizes=\"(max-width: 1024px) 100vw, 1024px\" \/>\t\t\t\t\t\t\t\t\t\t\t\t\t\t\t<\/div>\n\t\t\t\t<\/div>\n\t\t\t\t\t<\/div>\n\t\t<\/div>\n\t\t\t\t\t<\/div>\n\t\t<\/section>\n\t\t\t\t<section class=\"elementor-section elementor-top-section elementor-element elementor-element-da4ad21 elementor-section-boxed elementor-section-height-default elementor-section-height-default\" data-id=\"da4ad21\" data-element_type=\"section\" data-e-type=\"section\" data-settings=\"{&quot;background_background&quot;:&quot;classic&quot;}\">\n\t\t\t\t\t\t<div class=\"elementor-container elementor-column-gap-default\">\n\t\t\t\t\t<div class=\"elementor-column elementor-col-100 elementor-top-column elementor-element elementor-element-ff42fef\" data-id=\"ff42fef\" data-element_type=\"column\" data-e-type=\"column\">\n\t\t\t<div class=\"elementor-widget-wrap elementor-element-populated\">\n\t\t\t\t\t\t<div class=\"elementor-element elementor-element-7ecec40 elementor-widget elementor-widget-shortcode\" data-id=\"7ecec40\" data-element_type=\"widget\" data-e-type=\"widget\" data-widget_type=\"shortcode.default\">\n\t\t\t\t<div class=\"elementor-widget-container\">\n\t\t\t\t\t\t\t<div class=\"elementor-shortcode\"><script src=\"https:\/\/book.trevlix.com\/book\/js\/iframe.js?v=4\"><\/script>\n<iframe src=\"https:\/\/book.trevlix.com\/book\/app\/?cid=4325214&lang=pl&theme_color=hex&hex=745C51\"\u00a0id=\"trevlix-book-app\" name=\"trevlix-book-app\" width=\"100%\" height=\"1100\" frameborder=\"0\" scrolling=\"auto\" onload=\"scrollToTrevlixTop()\"><\/iframe><\/div>\n\t\t\t\t\t\t<\/div>\n\t\t\t\t<\/div>\n\t\t\t\t\t<\/div>\n\t\t<\/div>\n\t\t\t\t\t<\/div>\n\t\t<\/section>\n\t\t\t\t<\/div>\n\t\t","protected":false},"excerpt":{"rendered":"<p>Rezerwacja System rezerwacji domk\u00f3w na Liptowie Mo\u017cesz zarezerwowa\u0107 pobyt w naszych domkach Tatralandia. Po dokonaniu rezerwacji otrzymaj\u0105 Pa\u0144stwo potwierdzenie oraz faktur\u0119 zaliczkow\u0105. Prosimy o przestrzeganie terminu p\u0142atno\u015bci faktury, w przypadku niedotrzymania terminu faktura zostanie zwolniona po up\u0142ywie terminu p\u0142atno\u015bci.<\/p>\n","protected":false},"author":1,"featured_media":0,"parent":0,"menu_order":0,"comment_status":"closed","ping_status":"closed","template":"","meta":{"footnotes":""},"class_list":["post-1539","page","type-page","status-publish","hentry"],"_links":{"self":[{"href":"https:\/\/www.liptovchatky.sk\/pl\/wp-json\/wp\/v2\/pages\/1539","targetHints":{"allow":["GET"]}}],"collection":[{"href":"https:\/\/www.liptovchatky.sk\/pl\/wp-json\/wp\/v2\/pages"}],"about":[{"href":"https:\/\/www.liptovchatky.sk\/pl\/wp-json\/wp\/v2\/types\/page"}],"author":[{"embeddable":true,"href":"https:\/\/www.liptovchatky.sk\/pl\/wp-json\/wp\/v2\/users\/1"}],"replies":[{"embeddable":true,"href":"https:\/\/www.liptovchatky.sk\/pl\/wp-json\/wp\/v2\/comments?post=1539"}],"version-history":[{"count":10,"href":"https:\/\/www.liptovchatky.sk\/pl\/wp-json\/wp\/v2\/pages\/1539\/revisions"}],"predecessor-version":[{"id":1634,"href":"https:\/\/www.liptovchatky.sk\/pl\/wp-json\/wp\/v2\/pages\/1539\/revisions\/1634"}],"wp:attachment":[{"href":"https:\/\/www.liptovchatky.sk\/pl\/wp-json\/wp\/v2\/media?parent=1539"}],"curies":[{"name":"wp","href":"https:\/\/api.w.org\/{rel}","templated":true}]}}