{"id":1568,"date":"2023-06-24T10:34:52","date_gmt":"2023-06-24T08:34:52","guid":{"rendered":"https:\/\/www.liptovchatky.sk\/strona-glowna\/"},"modified":"2023-07-11T09:32:54","modified_gmt":"2023-07-11T07:32:54","slug":"strona-glowna","status":"publish","type":"page","link":"https:\/\/www.liptovchatky.sk\/pl\/","title":{"rendered":"Strona g\u0142\u00f3wna"},"content":{"rendered":"\t\t<div data-elementor-type=\"wp-page\" data-elementor-id=\"1568\" class=\"elementor elementor-1568 elementor-89\" data-elementor-post-type=\"page\">\n\t\t\t\t\t\t<section class=\"elementor-section elementor-top-section elementor-element elementor-element-1651f885 elementor-section-height-min-height elementor-section-boxed elementor-section-height-default elementor-section-items-middle\" data-id=\"1651f885\" data-element_type=\"section\" data-e-type=\"section\" data-settings=\"{&quot;background_background&quot;:&quot;slideshow&quot;,&quot;background_slideshow_gallery&quot;:[{&quot;id&quot;:817,&quot;url&quot;:&quot;https:\\\/\\\/www.liptovchatky.sk\\\/wp-content\\\/uploads\\\/2023\\\/07\\\/1-1.png&quot;},{&quot;id&quot;:818,&quot;url&quot;:&quot;https:\\\/\\\/www.liptovchatky.sk\\\/wp-content\\\/uploads\\\/2023\\\/07\\\/3-1.png&quot;}],&quot;background_slideshow_ken_burns&quot;:&quot;yes&quot;,&quot;background_slideshow_loop&quot;:&quot;yes&quot;,&quot;background_slideshow_slide_duration&quot;:5000,&quot;background_slideshow_slide_transition&quot;:&quot;fade&quot;,&quot;background_slideshow_transition_duration&quot;:500,&quot;background_slideshow_ken_burns_zoom_direction&quot;:&quot;in&quot;}\">\n\t\t\t\t\t\t\t<div class=\"elementor-background-overlay\"><\/div>\n\t\t\t\t\t\t\t<div class=\"elementor-container elementor-column-gap-default\">\n\t\t\t\t\t<div class=\"elementor-column elementor-col-50 elementor-top-column elementor-element elementor-element-40e3a8d1 animated-slow elementor-invisible\" data-id=\"40e3a8d1\" data-element_type=\"column\" data-e-type=\"column\" data-settings=\"{&quot;animation&quot;:&quot;fadeInLeft&quot;}\">\n\t\t\t<div class=\"elementor-widget-wrap elementor-element-populated\">\n\t\t\t\t\t\t<div class=\"elementor-element elementor-element-2b4cca53 elementor-widget elementor-widget-elementskit-heading\" data-id=\"2b4cca53\" data-element_type=\"widget\" data-e-type=\"widget\" data-widget_type=\"elementskit-heading.default\">\n\t\t\t\t<div class=\"elementor-widget-container\">\n\t\t\t\t\t<div class=\"ekit-wid-con\" ><div class=\"ekit-heading elementskit-section-title-wraper text_left   ekit_heading_tablet-text_center   ekit_heading_mobile-\"><h1 class=\"ekit-heading--title elementskit-section-title \">Witamy na naszej stronie internetovej Tatralandia-Liptov chatky <\/h1><\/div><\/div>\t\t\t\t<\/div>\n\t\t\t\t<\/div>\n\t\t\t\t<div class=\"elementor-element elementor-element-6844c0c3 elementor-widget elementor-widget-text-editor\" data-id=\"6844c0c3\" data-element_type=\"widget\" data-e-type=\"widget\" data-widget_type=\"text-editor.default\">\n\t\t\t\t<div class=\"elementor-widget-container\">\n\t\t\t\t\t\t\t\t\t<p>Obiekt noclegowy Tatralandia \u2013 Liptov Chatky znajduje si\u0119 w Liptowskim Mikulaszu w wojew\u00f3dztwie \u017cyli\u0144skim, 800 metr\u00f3w od parku wodnego Tatralandia.<\/p>\t\t\t\t\t\t\t\t<\/div>\n\t\t\t\t<\/div>\n\t\t\t\t<div class=\"elementor-element elementor-element-20321f4a elementor-align-left elementor-tablet-align-center elementor-widget elementor-widget-button\" data-id=\"20321f4a\" data-element_type=\"widget\" data-e-type=\"widget\" data-widget_type=\"button.default\">\n\t\t\t\t<div class=\"elementor-widget-container\">\n\t\t\t\t\t\t\t\t\t<div class=\"elementor-button-wrapper\">\n\t\t\t\t\t<a class=\"elementor-button elementor-button-link elementor-size-lg\" href=\"https:\/\/www.liptovchatky.sk\/pl\/domki\/\">\n\t\t\t\t\t\t<span class=\"elementor-button-content-wrapper\">\n\t\t\t\t\t\t<span class=\"elementor-button-icon\">\n\t\t\t\t<i aria-hidden=\"true\" class=\"icon icon-right-arrow\"><\/i>\t\t\t<\/span>\n\t\t\t\t\t\t\t\t\t<span class=\"elementor-button-text\">Wi\u0119cej informacji<\/span>\n\t\t\t\t\t<\/span>\n\t\t\t\t\t<\/a>\n\t\t\t\t<\/div>\n\t\t\t\t\t\t\t\t<\/div>\n\t\t\t\t<\/div>\n\t\t\t\t\t<\/div>\n\t\t<\/div>\n\t\t\t\t<div class=\"elementor-column elementor-col-50 elementor-top-column elementor-element elementor-element-4c5739c7 elementor-hidden-tablet elementor-hidden-mobile\" data-id=\"4c5739c7\" data-element_type=\"column\" data-e-type=\"column\">\n\t\t\t<div class=\"elementor-widget-wrap\">\n\t\t\t\t\t\t\t<\/div>\n\t\t<\/div>\n\t\t\t\t\t<\/div>\n\t\t<\/section>\n\t\t\t\t<section class=\"elementor-section elementor-top-section elementor-element elementor-element-eb52583 elementor-section-boxed elementor-section-height-default elementor-section-height-default\" data-id=\"eb52583\" data-element_type=\"section\" data-e-type=\"section\">\n\t\t\t\t\t\t<div class=\"elementor-container elementor-column-gap-default\">\n\t\t\t\t\t<div class=\"elementor-column elementor-col-33 elementor-top-column elementor-element elementor-element-2a7a6a35 animated-slow elementor-invisible\" data-id=\"2a7a6a35\" data-element_type=\"column\" data-e-type=\"column\" data-settings=\"{&quot;background_background&quot;:&quot;classic&quot;,&quot;animation&quot;:&quot;fadeInRight&quot;}\">\n\t\t\t<div class=\"elementor-widget-wrap elementor-element-populated\">\n\t\t\t\t\t\t<div class=\"elementor-element elementor-element-4356aeed elementor-widget elementor-widget-heading\" data-id=\"4356aeed\" data-element_type=\"widget\" data-e-type=\"widget\" data-widget_type=\"heading.default\">\n\t\t\t\t<div class=\"elementor-widget-container\">\n\t\t\t\t\t<h2 class=\"elementor-heading-title elementor-size-default\">Turystyka<\/h2>\t\t\t\t<\/div>\n\t\t\t\t<\/div>\n\t\t\t\t<div class=\"elementor-element elementor-element-518e72a4 elementor-widget elementor-widget-text-editor\" data-id=\"518e72a4\" data-element_type=\"widget\" data-e-type=\"widget\" data-widget_type=\"text-editor.default\">\n\t\t\t\t<div class=\"elementor-widget-container\">\n\t\t\t\t\t\t\t\t\t<p class=\"p1\">Turystyka na Liptowie oferuje szerokie mo\u017cliwo\u015bci w zakresie odkrywania zielonego pi\u0119kna i bogatej historii. Podziwiaj widoki na majestatyczne Tatry, g\u00f3ry, kt\u00f3re czyni\u0105 Lipt\u00f3w wyj\u0105tkowym i fascynuj\u0105cym miejscem nie tylko dla mi\u0142o\u015bnik\u00f3w przyrody.<\/p>\t\t\t\t\t\t\t\t<\/div>\n\t\t\t\t<\/div>\n\t\t\t\t<div class=\"elementor-element elementor-element-7bdd84f elementor-align-left elementor-tablet-align-center elementor-widget elementor-widget-button\" data-id=\"7bdd84f\" data-element_type=\"widget\" data-e-type=\"widget\" data-widget_type=\"button.default\">\n\t\t\t\t<div class=\"elementor-widget-container\">\n\t\t\t\t\t\t\t\t\t<div class=\"elementor-button-wrapper\">\n\t\t\t\t\t<a class=\"elementor-button elementor-button-link elementor-size-md\" href=\"https:\/\/www.liptovchatky.sk\/pl\/okolica\/\">\n\t\t\t\t\t\t<span class=\"elementor-button-content-wrapper\">\n\t\t\t\t\t\t\t\t\t<span class=\"elementor-button-text\">Wi\u0119cej informacji<\/span>\n\t\t\t\t\t<\/span>\n\t\t\t\t\t<\/a>\n\t\t\t\t<\/div>\n\t\t\t\t\t\t\t\t<\/div>\n\t\t\t\t<\/div>\n\t\t\t\t\t<\/div>\n\t\t<\/div>\n\t\t\t\t<div class=\"elementor-column elementor-col-33 elementor-top-column elementor-element elementor-element-3dda2ed7\" data-id=\"3dda2ed7\" data-element_type=\"column\" data-e-type=\"column\">\n\t\t\t<div class=\"elementor-widget-wrap elementor-element-populated\">\n\t\t\t\t\t\t<div class=\"elementor-element elementor-element-23d1b5ae elementor-widget elementor-widget-image\" data-id=\"23d1b5ae\" data-element_type=\"widget\" data-e-type=\"widget\" data-widget_type=\"image.default\">\n\t\t\t\t<div class=\"elementor-widget-container\">\n\t\t\t\t\t\t\t\t\t\t\t\t\t\t\t<img fetchpriority=\"high\" decoding=\"async\" width=\"800\" height=\"1200\" src=\"https:\/\/www.liptovchatky.sk\/wp-content\/uploads\/2023\/07\/warning-sign-by-trail-to-koscielec-tatra-mountain-2022-04-12-19-39-31-utc-1.jpg\" class=\"attachment-full size-full wp-image-1506\" alt=\"\" srcset=\"https:\/\/www.liptovchatky.sk\/wp-content\/uploads\/2023\/07\/warning-sign-by-trail-to-koscielec-tatra-mountain-2022-04-12-19-39-31-utc-1.jpg 800w, https:\/\/www.liptovchatky.sk\/wp-content\/uploads\/2023\/07\/warning-sign-by-trail-to-koscielec-tatra-mountain-2022-04-12-19-39-31-utc-1-200x300.jpg 200w, https:\/\/www.liptovchatky.sk\/wp-content\/uploads\/2023\/07\/warning-sign-by-trail-to-koscielec-tatra-mountain-2022-04-12-19-39-31-utc-1-683x1024.jpg 683w, https:\/\/www.liptovchatky.sk\/wp-content\/uploads\/2023\/07\/warning-sign-by-trail-to-koscielec-tatra-mountain-2022-04-12-19-39-31-utc-1-768x1152.jpg 768w\" sizes=\"(max-width: 800px) 100vw, 800px\" \/>\t\t\t\t\t\t\t\t\t\t\t\t\t\t\t<\/div>\n\t\t\t\t<\/div>\n\t\t\t\t\t<\/div>\n\t\t<\/div>\n\t\t\t\t<div class=\"elementor-column elementor-col-33 elementor-top-column elementor-element elementor-element-6161867a\" data-id=\"6161867a\" data-element_type=\"column\" data-e-type=\"column\">\n\t\t\t<div class=\"elementor-widget-wrap elementor-element-populated\">\n\t\t\t\t\t\t<div class=\"elementor-element elementor-element-27d60ca elementor-hidden-tablet elementor-hidden-mobile elementor-widget elementor-widget-image\" data-id=\"27d60ca\" data-element_type=\"widget\" data-e-type=\"widget\" data-widget_type=\"image.default\">\n\t\t\t\t<div class=\"elementor-widget-container\">\n\t\t\t\t\t\t\t\t\t\t\t\t\t\t\t<img decoding=\"async\" width=\"683\" height=\"1024\" src=\"https:\/\/www.liptovchatky.sk\/wp-content\/uploads\/2023\/07\/popradske-pleso-lake-valley-in-tatra-mountains-sl-2021-08-26-15-27-04-utc-1-683x1024.jpg\" class=\"attachment-large size-large wp-image-1504\" alt=\"\" srcset=\"https:\/\/www.liptovchatky.sk\/wp-content\/uploads\/2023\/07\/popradske-pleso-lake-valley-in-tatra-mountains-sl-2021-08-26-15-27-04-utc-1-683x1024.jpg 683w, https:\/\/www.liptovchatky.sk\/wp-content\/uploads\/2023\/07\/popradske-pleso-lake-valley-in-tatra-mountains-sl-2021-08-26-15-27-04-utc-1-200x300.jpg 200w, https:\/\/www.liptovchatky.sk\/wp-content\/uploads\/2023\/07\/popradske-pleso-lake-valley-in-tatra-mountains-sl-2021-08-26-15-27-04-utc-1-768x1152.jpg 768w, https:\/\/www.liptovchatky.sk\/wp-content\/uploads\/2023\/07\/popradske-pleso-lake-valley-in-tatra-mountains-sl-2021-08-26-15-27-04-utc-1.jpg 800w\" sizes=\"(max-width: 683px) 100vw, 683px\" \/>\t\t\t\t\t\t\t\t\t\t\t\t\t\t\t<\/div>\n\t\t\t\t<\/div>\n\t\t\t\t\t<\/div>\n\t\t<\/div>\n\t\t\t\t\t<\/div>\n\t\t<\/section>\n\t\t\t\t<section class=\"elementor-section elementor-top-section elementor-element elementor-element-34963148 elementor-section-boxed elementor-section-height-default elementor-section-height-default\" data-id=\"34963148\" data-element_type=\"section\" data-e-type=\"section\" data-settings=\"{&quot;background_background&quot;:&quot;classic&quot;}\">\n\t\t\t\t\t\t<div class=\"elementor-container elementor-column-gap-default\">\n\t\t\t\t\t<div class=\"elementor-column elementor-col-100 elementor-top-column elementor-element elementor-element-50d1a641 animated-slow elementor-invisible\" data-id=\"50d1a641\" data-element_type=\"column\" data-e-type=\"column\" data-settings=\"{&quot;background_background&quot;:&quot;classic&quot;,&quot;animation&quot;:&quot;fadeIn&quot;}\">\n\t\t\t<div class=\"elementor-widget-wrap elementor-element-populated\">\n\t\t\t\t\t<div class=\"elementor-background-overlay\"><\/div>\n\t\t\t\t\t\t<div class=\"elementor-element elementor-element-425ac2ab elementor-widget elementor-widget-heading\" data-id=\"425ac2ab\" data-element_type=\"widget\" data-e-type=\"widget\" data-widget_type=\"heading.default\">\n\t\t\t\t<div class=\"elementor-widget-container\">\n\t\t\t\t\t<h2 class=\"elementor-heading-title elementor-size-default\">20% zni\u017cki dla naszych go\u015bci na wej\u015bcia do Aquaparku Tatralandia<\/h2>\t\t\t\t<\/div>\n\t\t\t\t<\/div>\n\t\t\t\t<div class=\"elementor-element elementor-element-3c38626f elementor-align-center elementor-widget elementor-widget-button\" data-id=\"3c38626f\" data-element_type=\"widget\" data-e-type=\"widget\" data-widget_type=\"button.default\">\n\t\t\t\t<div class=\"elementor-widget-container\">\n\t\t\t\t\t\t\t\t\t<div class=\"elementor-button-wrapper\">\n\t\t\t\t\t<a class=\"elementor-button elementor-button-link elementor-size-sm\" href=\"https:\/\/www.liptovchatky.sk\/pl\/rezerwacja\/\">\n\t\t\t\t\t\t<span class=\"elementor-button-content-wrapper\">\n\t\t\t\t\t\t\t\t\t<span class=\"elementor-button-text\">Zarezewuj teraz<\/span>\n\t\t\t\t\t<\/span>\n\t\t\t\t\t<\/a>\n\t\t\t\t<\/div>\n\t\t\t\t\t\t\t\t<\/div>\n\t\t\t\t<\/div>\n\t\t\t\t\t<\/div>\n\t\t<\/div>\n\t\t\t\t\t<\/div>\n\t\t<\/section>\n\t\t\t\t<section class=\"elementor-section elementor-top-section elementor-element elementor-element-6c360bc4 elementor-section-boxed elementor-section-height-default elementor-section-height-default\" data-id=\"6c360bc4\" data-element_type=\"section\" data-e-type=\"section\">\n\t\t\t\t\t\t<div class=\"elementor-container elementor-column-gap-default\">\n\t\t\t\t\t<div class=\"elementor-column elementor-col-100 elementor-top-column elementor-element elementor-element-e5db602\" data-id=\"e5db602\" data-element_type=\"column\" data-e-type=\"column\">\n\t\t\t<div class=\"elementor-widget-wrap elementor-element-populated\">\n\t\t\t\t\t\t<div class=\"elementor-element elementor-element-690f21fe elementor-widget elementor-widget-heading\" data-id=\"690f21fe\" data-element_type=\"widget\" data-e-type=\"widget\" data-widget_type=\"heading.default\">\n\t\t\t\t<div class=\"elementor-widget-container\">\n\t\t\t\t\t<h2 class=\"elementor-heading-title elementor-size-default\">Domki po\u0142o\u017cone bezpo\u015brednio na terenie Aquaparku Tatralandia<\/h2>\t\t\t\t<\/div>\n\t\t\t\t<\/div>\n\t\t\t\t<div class=\"elementor-element elementor-element-462cc861 elementor-widget elementor-widget-text-editor\" data-id=\"462cc861\" data-element_type=\"widget\" data-e-type=\"widget\" data-widget_type=\"text-editor.default\">\n\t\t\t\t<div class=\"elementor-widget-container\">\n\t\t\t\t\t\t\t\t\t<p><strong>Domki Tatralandia Liptov 108 i 111\u00a0<\/strong>po\u0142o\u017cone s\u0105 w pi\u0119knym otoczeniu regionu Lipt\u00f3w, w atrakcyjnej cz\u0119\u015bci popularnego o\u015brodka wypoczynkowego Holiday Village Tatralandia. Domki znajduj\u0105 si\u0119 bezpo\u015brednio na terenie Aquaparku Tatralandia. Szczeg\u00f3lnie mile widziane s\u0105 u nas rodziny z dzie\u0107mi, pary, ale tak\u017ce grupy przyjaci\u00f3\u0142 i znajomych.<\/p>\t\t\t\t\t\t\t\t<\/div>\n\t\t\t\t<\/div>\n\t\t\t\t<section class=\"elementor-section elementor-inner-section elementor-element elementor-element-7799c554 animated-slow elementor-section-boxed elementor-section-height-default elementor-section-height-default elementor-invisible\" data-id=\"7799c554\" data-element_type=\"section\" data-e-type=\"section\" data-settings=\"{&quot;animation&quot;:&quot;fadeInUp&quot;}\">\n\t\t\t\t\t\t<div class=\"elementor-container elementor-column-gap-default\">\n\t\t\t\t\t<div class=\"elementor-column elementor-col-33 elementor-inner-column elementor-element elementor-element-4252a1c0\" data-id=\"4252a1c0\" data-element_type=\"column\" data-e-type=\"column\">\n\t\t\t<div class=\"elementor-widget-wrap elementor-element-populated\">\n\t\t\t\t\t\t<div class=\"elementor-element elementor-element-ce1175f elementor-widget elementor-widget-image\" data-id=\"ce1175f\" data-element_type=\"widget\" data-e-type=\"widget\" data-widget_type=\"image.default\">\n\t\t\t\t<div class=\"elementor-widget-container\">\n\t\t\t\t\t\t\t\t\t\t\t\t\t\t\t<img decoding=\"async\" width=\"800\" height=\"600\" src=\"https:\/\/www.liptovchatky.sk\/wp-content\/uploads\/2023\/07\/9.jpg\" class=\"attachment-large size-large wp-image-1380\" alt=\"\" srcset=\"https:\/\/www.liptovchatky.sk\/wp-content\/uploads\/2023\/07\/9.jpg 1024w, https:\/\/www.liptovchatky.sk\/wp-content\/uploads\/2023\/07\/9-300x225.jpg 300w, https:\/\/www.liptovchatky.sk\/wp-content\/uploads\/2023\/07\/9-768x576.jpg 768w\" sizes=\"(max-width: 800px) 100vw, 800px\" \/>\t\t\t\t\t\t\t\t\t\t\t\t\t\t\t<\/div>\n\t\t\t\t<\/div>\n\t\t\t\t\t<\/div>\n\t\t<\/div>\n\t\t\t\t<div class=\"elementor-column elementor-col-33 elementor-inner-column elementor-element elementor-element-4755fee4\" data-id=\"4755fee4\" data-element_type=\"column\" data-e-type=\"column\">\n\t\t\t<div class=\"elementor-widget-wrap elementor-element-populated\">\n\t\t\t\t\t\t<div class=\"elementor-element elementor-element-c1a3197 elementor-widget elementor-widget-image\" data-id=\"c1a3197\" data-element_type=\"widget\" data-e-type=\"widget\" data-widget_type=\"image.default\">\n\t\t\t\t<div class=\"elementor-widget-container\">\n\t\t\t\t\t\t\t\t\t\t\t\t\t\t\t<img loading=\"lazy\" decoding=\"async\" width=\"510\" height=\"382\" src=\"https:\/\/www.liptovchatky.sk\/wp-content\/uploads\/2023\/07\/6-510x382-1.jpg\" class=\"attachment-large size-large wp-image-1378\" alt=\"\" srcset=\"https:\/\/www.liptovchatky.sk\/wp-content\/uploads\/2023\/07\/6-510x382-1.jpg 510w, https:\/\/www.liptovchatky.sk\/wp-content\/uploads\/2023\/07\/6-510x382-1-300x225.jpg 300w\" sizes=\"(max-width: 510px) 100vw, 510px\" \/>\t\t\t\t\t\t\t\t\t\t\t\t\t\t\t<\/div>\n\t\t\t\t<\/div>\n\t\t\t\t\t<\/div>\n\t\t<\/div>\n\t\t\t\t<div class=\"elementor-column elementor-col-33 elementor-inner-column elementor-element elementor-element-3e1b2872\" data-id=\"3e1b2872\" data-element_type=\"column\" data-e-type=\"column\">\n\t\t\t<div class=\"elementor-widget-wrap elementor-element-populated\">\n\t\t\t\t\t\t<div class=\"elementor-element elementor-element-e496137 elementor-widget elementor-widget-image\" data-id=\"e496137\" data-element_type=\"widget\" data-e-type=\"widget\" data-widget_type=\"image.default\">\n\t\t\t\t<div class=\"elementor-widget-container\">\n\t\t\t\t\t\t\t\t\t\t\t\t\t\t\t<img loading=\"lazy\" decoding=\"async\" width=\"800\" height=\"600\" src=\"https:\/\/www.liptovchatky.sk\/wp-content\/uploads\/2023\/07\/3-1.jpg\" class=\"attachment-large size-large wp-image-1374\" alt=\"\" srcset=\"https:\/\/www.liptovchatky.sk\/wp-content\/uploads\/2023\/07\/3-1.jpg 1024w, https:\/\/www.liptovchatky.sk\/wp-content\/uploads\/2023\/07\/3-1-300x225.jpg 300w, https:\/\/www.liptovchatky.sk\/wp-content\/uploads\/2023\/07\/3-1-768x576.jpg 768w\" sizes=\"(max-width: 800px) 100vw, 800px\" \/>\t\t\t\t\t\t\t\t\t\t\t\t\t\t\t<\/div>\n\t\t\t\t<\/div>\n\t\t\t\t\t<\/div>\n\t\t<\/div>\n\t\t\t\t\t<\/div>\n\t\t<\/section>\n\t\t\t\t<div class=\"elementor-element elementor-element-7b5c609 elementor-align-center elementor-tablet-align-center elementor-widget elementor-widget-button\" data-id=\"7b5c609\" data-element_type=\"widget\" data-e-type=\"widget\" data-widget_type=\"button.default\">\n\t\t\t\t<div class=\"elementor-widget-container\">\n\t\t\t\t\t\t\t\t\t<div class=\"elementor-button-wrapper\">\n\t\t\t\t\t<a class=\"elementor-button elementor-button-link elementor-size-md\" href=\"https:\/\/www.liptovchatky.sk\/pl\/domki\/\">\n\t\t\t\t\t\t<span class=\"elementor-button-content-wrapper\">\n\t\t\t\t\t\t\t\t\t<span class=\"elementor-button-text\">Wi\u0119cej informacji o domkoch<\/span>\n\t\t\t\t\t<\/span>\n\t\t\t\t\t<\/a>\n\t\t\t\t<\/div>\n\t\t\t\t\t\t\t\t<\/div>\n\t\t\t\t<\/div>\n\t\t\t\t\t<\/div>\n\t\t<\/div>\n\t\t\t\t\t<\/div>\n\t\t<\/section>\n\t\t\t\t<section class=\"elementor-section elementor-top-section elementor-element elementor-element-22bfc2c4 elementor-section-boxed elementor-section-height-default elementor-section-height-default\" data-id=\"22bfc2c4\" data-element_type=\"section\" data-e-type=\"section\">\n\t\t\t\t\t\t<div class=\"elementor-container elementor-column-gap-default\">\n\t\t\t\t\t<div class=\"elementor-column elementor-col-50 elementor-top-column elementor-element elementor-element-4947e25\" data-id=\"4947e25\" data-element_type=\"column\" data-e-type=\"column\">\n\t\t\t<div class=\"elementor-widget-wrap elementor-element-populated\">\n\t\t\t\t\t\t<div class=\"elementor-element elementor-element-2897500f elementor-widget elementor-widget-heading\" data-id=\"2897500f\" data-element_type=\"widget\" data-e-type=\"widget\" data-widget_type=\"heading.default\">\n\t\t\t\t<div class=\"elementor-widget-container\">\n\t\t\t\t\t<h3 class=\"elementor-heading-title elementor-size-default\">Lato na Liptowie<\/h3>\t\t\t\t<\/div>\n\t\t\t\t<\/div>\n\t\t\t\t<div class=\"elementor-element elementor-element-44048dae elementor-widget elementor-widget-text-editor\" data-id=\"44048dae\" data-element_type=\"widget\" data-e-type=\"widget\" data-widget_type=\"text-editor.default\">\n\t\t\t\t<div class=\"elementor-widget-container\">\n\t\t\t\t\t\t\t\t\t<p class=\"p1\">Dla tych, kt\u00f3rzy lubi\u0105 adrenalin\u0119 i przygod\u0119, Lipt\u00f3w oferuje szerok\u0105 gam\u0119 aktywnych zaj\u0119\u0107. Sp\u0142ywaj rw\u0105cymi rzekami na tratwach, spaceruj po koronach drzew w parku linowym lub wybierz si\u0119 na letnie tory bobslejowe. To tylko kilka z wielu opcji, kt\u00f3re z pewno\u015bci\u0105 Ci\u0119 rozpal\u0105.<\/p>\t\t\t\t\t\t\t\t<\/div>\n\t\t\t\t<\/div>\n\t\t\t\t\t<\/div>\n\t\t<\/div>\n\t\t\t\t<div class=\"elementor-column elementor-col-50 elementor-top-column elementor-element elementor-element-5f397b0e animated-slow elementor-invisible\" data-id=\"5f397b0e\" data-element_type=\"column\" data-e-type=\"column\" data-settings=\"{&quot;animation&quot;:&quot;fadeInRight&quot;}\">\n\t\t\t<div class=\"elementor-widget-wrap elementor-element-populated\">\n\t\t\t\t\t\t<div class=\"elementor-element elementor-element-4218d4cd elementor-pagination-position-outside elementor-widget elementor-widget-image-carousel\" data-id=\"4218d4cd\" data-element_type=\"widget\" data-e-type=\"widget\" data-settings=\"{&quot;slides_to_show&quot;:&quot;3&quot;,&quot;slides_to_scroll&quot;:&quot;1&quot;,&quot;navigation&quot;:&quot;dots&quot;,&quot;autoplay_speed&quot;:6000,&quot;slides_to_show_mobile&quot;:&quot;2&quot;,&quot;slides_to_scroll_mobile&quot;:&quot;1&quot;,&quot;autoplay&quot;:&quot;yes&quot;,&quot;pause_on_hover&quot;:&quot;yes&quot;,&quot;pause_on_interaction&quot;:&quot;yes&quot;,&quot;infinite&quot;:&quot;yes&quot;,&quot;speed&quot;:500,&quot;image_spacing_custom&quot;:{&quot;unit&quot;:&quot;px&quot;,&quot;size&quot;:20,&quot;sizes&quot;:[]},&quot;image_spacing_custom_tablet&quot;:{&quot;unit&quot;:&quot;px&quot;,&quot;size&quot;:&quot;&quot;,&quot;sizes&quot;:[]},&quot;image_spacing_custom_mobile&quot;:{&quot;unit&quot;:&quot;px&quot;,&quot;size&quot;:&quot;&quot;,&quot;sizes&quot;:[]}}\" data-widget_type=\"image-carousel.default\">\n\t\t\t\t<div class=\"elementor-widget-container\">\n\t\t\t\t\t\t\t<div class=\"elementor-image-carousel-wrapper swiper\" role=\"region\" aria-roledescription=\"carousel\" aria-label=\"Karuzela obrazk\u00f3w\" dir=\"ltr\">\n\t\t\t<div class=\"elementor-image-carousel swiper-wrapper\" aria-live=\"off\">\n\t\t\t\t\t\t\t\t<div class=\"swiper-slide\" role=\"group\" aria-roledescription=\"slide\" aria-label=\"1 z 7\"><figure class=\"swiper-slide-inner\"><img decoding=\"async\" class=\"swiper-slide-image\" src=\"https:\/\/www.liptovchatky.sk\/wp-content\/uploads\/elementor\/thumbs\/white-water-rafting-2021-09-01-00-22-44-utc-q924oo5lf86u86w81rkrpz0ddwluq1tbh3l2x1c1ag.jpg\" alt=\"white-water-rafting-2021-09-01-00-22-44-utc\" \/><\/figure><\/div><div class=\"swiper-slide\" role=\"group\" aria-roledescription=\"slide\" aria-label=\"2 z 7\"><figure class=\"swiper-slide-inner\"><img decoding=\"async\" class=\"swiper-slide-image\" src=\"https:\/\/www.liptovchatky.sk\/wp-content\/uploads\/elementor\/thumbs\/two-girls-riding-mountain-bikes-on-a-mountain-trai-2022-11-10-08-51-59-utc-q924om9x1k49kyyycqrikzhg74v4anlusua3yhetmw.jpg\" alt=\"two-girls-riding-mountain-bikes-on-a-mountain-trai-2022-11-10-08-51-59-utc\" \/><\/figure><\/div><div class=\"swiper-slide\" role=\"group\" aria-roledescription=\"slide\" aria-label=\"3 z 7\"><figure class=\"swiper-slide-inner\"><img decoding=\"async\" class=\"swiper-slide-image\" src=\"https:\/\/www.liptovchatky.sk\/wp-content\/uploads\/elementor\/thumbs\/Snimka-obrazovky-2023-07-07-o-12.24.45-q924srq987suuyxv41d73frqneehaj36de0b9h985k.png\" alt=\"Sni\u0301mka obrazovky 2023-07-07 o 12.24.45\" \/><\/figure><\/div><div class=\"swiper-slide\" role=\"group\" aria-roledescription=\"slide\" aria-label=\"4 z 7\"><figure class=\"swiper-slide-inner\"><img decoding=\"async\" class=\"swiper-slide-image\" src=\"https:\/\/www.liptovchatky.sk\/wp-content\/uploads\/elementor\/thumbs\/csm_tatralandia-aquapark-tobogany-leto-zabava-adrenalin-s-detmi-c-Juraj-Kriz__16__c754afa071-q91x3hc93o7pw5pua6f9jeshzd4eky9s8xrqmwe7pk.jpeg\" alt=\"csm_tatralandia-aquapark-tobogany-leto-zabava-adrenalin-s-detmi-c-Juraj-Kriz__16__c754afa071\" \/><\/figure><\/div><div class=\"swiper-slide\" role=\"group\" aria-roledescription=\"slide\" aria-label=\"5 z 7\"><figure class=\"swiper-slide-inner\"><img decoding=\"async\" class=\"swiper-slide-image\" src=\"https:\/\/www.liptovchatky.sk\/wp-content\/uploads\/elementor\/thumbs\/Dizajn-bez-nazvu-22-q8g1z4d1ezvfjrv1q4pewhqlrpfpphvuoz42vwzyq0.png\" alt=\"Dizajn bez na\u0301zvu (22)\" \/><\/figure><\/div><div class=\"swiper-slide\" role=\"group\" aria-roledescription=\"slide\" aria-label=\"6 z 7\"><figure class=\"swiper-slide-inner\"><img decoding=\"async\" class=\"swiper-slide-image\" src=\"https:\/\/www.liptovchatky.sk\/wp-content\/uploads\/elementor\/thumbs\/F-15-q8fd2z0dn942ndkglrk4pms18yft5y8itg8xgxq6x4.jpg\" alt=\"F-15.jpg\" \/><\/figure><\/div><div class=\"swiper-slide\" role=\"group\" aria-roledescription=\"slide\" aria-label=\"7 z 7\"><figure class=\"swiper-slide-inner\"><img decoding=\"async\" class=\"swiper-slide-image\" src=\"https:\/\/www.liptovchatky.sk\/wp-content\/uploads\/elementor\/thumbs\/F-9-q8fd2lumzkm24u3kqlvcqq3kxk8o66sa3n44r29pc8.jpg\" alt=\"F-9.jpg\" \/><\/figure><\/div>\t\t\t<\/div>\n\t\t\t\t\t\t\t\n\t\t\t\t\t\t\t\t\t<div class=\"swiper-pagination\"><\/div>\n\t\t\t\t\t\t\t\t\t<\/div>\n\t\t\t\t\t\t<\/div>\n\t\t\t\t<\/div>\n\t\t\t\t\t<\/div>\n\t\t<\/div>\n\t\t\t\t\t<\/div>\n\t\t<\/section>\n\t\t\t\t<\/div>\n\t\t","protected":false},"excerpt":{"rendered":"<p>Witamy na naszej stronie internetovej Tatralandia-Liptov chatky Obiekt noclegowy Tatralandia \u2013 Liptov Chatky znajduje si\u0119 w Liptowskim Mikulaszu w wojew\u00f3dztwie \u017cyli\u0144skim, 800 metr\u00f3w od parku wodnego Tatralandia. Wi\u0119cej informacji Turystyka Turystyka na Liptowie oferuje szerokie mo\u017cliwo\u015bci w zakresie odkrywania zielonego pi\u0119kna i bogatej historii. Podziwiaj widoki na majestatyczne Tatry, g\u00f3ry, kt\u00f3re czyni\u0105 Lipt\u00f3w wyj\u0105tkowym i [&hellip;]<\/p>\n","protected":false},"author":1,"featured_media":0,"parent":0,"menu_order":0,"comment_status":"closed","ping_status":"closed","template":"","meta":{"footnotes":""},"class_list":["post-1568","page","type-page","status-publish","hentry"],"_links":{"self":[{"href":"https:\/\/www.liptovchatky.sk\/pl\/wp-json\/wp\/v2\/pages\/1568","targetHints":{"allow":["GET"]}}],"collection":[{"href":"https:\/\/www.liptovchatky.sk\/pl\/wp-json\/wp\/v2\/pages"}],"about":[{"href":"https:\/\/www.liptovchatky.sk\/pl\/wp-json\/wp\/v2\/types\/page"}],"author":[{"embeddable":true,"href":"https:\/\/www.liptovchatky.sk\/pl\/wp-json\/wp\/v2\/users\/1"}],"replies":[{"embeddable":true,"href":"https:\/\/www.liptovchatky.sk\/pl\/wp-json\/wp\/v2\/comments?post=1568"}],"version-history":[{"count":9,"href":"https:\/\/www.liptovchatky.sk\/pl\/wp-json\/wp\/v2\/pages\/1568\/revisions"}],"predecessor-version":[{"id":1605,"href":"https:\/\/www.liptovchatky.sk\/pl\/wp-json\/wp\/v2\/pages\/1568\/revisions\/1605"}],"wp:attachment":[{"href":"https:\/\/www.liptovchatky.sk\/pl\/wp-json\/wp\/v2\/media?parent=1568"}],"curies":[{"name":"wp","href":"https:\/\/api.w.org\/{rel}","templated":true}]}}